{"id":2096,"date":"2014-03-25T08:38:17","date_gmt":"2014-03-25T08:38:17","guid":{"rendered":"https:\/\/novoforno.com\/novofornonew\/?page_id=2096\/"},"modified":"2024-09-13T17:41:07","modified_gmt":"2024-09-13T15:41:07","slug":"home","status":"publish","type":"page","link":"https:\/\/novoforno.com\/es\/","title":{"rendered":"Home"},"content":{"rendered":"<div id=\"pl-2096\"  class=\"panel-layout\" ><div id=\"pg-2096-0\"  class=\"panel-grid panel-has-style\" ><div class=\"siteorigin-panels-stretch panel-row-style panel-row-style-for-2096-0\" data-stretch-type=\"full\" ><div id=\"pgc-2096-0-0\"  class=\"panel-grid-cell\" ><div id=\"panel-2096-0-0-0\" class=\"so-panel widget widget_organique_title_icon_widget panel-first-child panel-last-child\" data-index=\"0\" >\t\t\t\t\t<a href=\"https:\/\/novoforno.com\/novofornonew\/azienda\/\" >\n\t\t\t\t<div class=\"banners-box\">\n\t\t\t\t\t\t\t<span class=\"glyphicon  glyphicon-leaf  glyphicon--banners\"><\/span>\n\t\t\t\t\t\t<b class=\"banners__title\">HECHO EN ITALIA<\/b>\n\t\t\tVerdaderos Productos Artesanales\t\t<\/div>\n\t\t\t\t\t<\/a>\n\t\t\n\t\t<\/div><\/div><div id=\"pgc-2096-0-1\"  class=\"panel-grid-cell\" ><div id=\"panel-2096-0-1-0\" class=\"so-panel widget widget_organique_title_icon_widget panel-first-child panel-last-child\" data-index=\"1\" >\t\t\t\t\t<a href=\"https:\/\/novoforno.com\/novofornonew\/private-label\/\" >\n\t\t\t\t<div class=\"banners-box\">\n\t\t\t\t\t\t\t<span class=\"glyphicon  glyphicon-pencil  glyphicon--banners\"><\/span>\n\t\t\t\t\t\t<b class=\"banners__title\">PRIVATE LABEL<\/b>\n\t\t\tDistribuidores de Hipermercados\t\t<\/div>\n\t\t\t\t\t<\/a>\n\t\t\n\t\t<\/div><\/div><div id=\"pgc-2096-0-2\"  class=\"panel-grid-cell\" ><div id=\"panel-2096-0-2-0\" class=\"so-panel widget widget_organique_title_icon_widget panel-first-child panel-last-child\" data-index=\"2\" >\t\t\t\t\t<a href=\"https:\/\/novoforno.com\/novofornonew\/mercati\" >\n\t\t\t\t<div class=\"banners-box\">\n\t\t\t\t\t\t\t<span class=\"glyphicon  glyphicon-road  glyphicon--banners\"><\/span>\n\t\t\t\t\t\t<b class=\"banners__title\">ENTREGAS<\/b>\n\t\t\tHacemos entregas en todo el mundo\t\t<\/div>\n\t\t\t\t\t<\/a>\n\t\t\n\t\t<\/div><\/div><div id=\"pgc-2096-0-3\"  class=\"panel-grid-cell\" ><div id=\"panel-2096-0-3-0\" class=\"so-panel widget widget_organique_title_icon_widget panel-first-child panel-last-child\" data-index=\"3\" >\t\t\t\t<div class=\"banners-box\">\n\t\t\t\t\t\t\t<span class=\"glyphicon  glyphicon-earphone  glyphicon--banners\"><\/span>\n\t\t\t\t\t\t<b class=\"banners__title\">LL\u00c1MANOS<\/b>\n\t\t\t+39-080-2143048\t\t<\/div>\n\t\t\n\t\t<\/div><\/div><\/div><\/div><div id=\"pg-2096-1\"  class=\"panel-grid panel-no-style\" ><div id=\"pgc-2096-1-0\"  class=\"panel-grid-cell\" ><div id=\"panel-2096-1-0-0\" class=\"so-panel widget widget_text panel-first-child panel-last-child\" data-index=\"4\" >\t\t\t<div class=\"textwidget\"><p style=\"text-align: center;\"><span style=\"font-family: sans-serif;\"><strong><span style=\"font-size: 28pt; color: #522400;\">Novoforno <\/span><\/strong><span style=\"font-size: 13pt;\">\u00ae<\/span><\/span><\/p>\n<p style=\"text-align: left;\"><span style=\"color: #522400; font-family: sans-serif; font-size: 13pt;\">Con su amplia experiencia adquirida de los viejos hornos altamuranos en hacer el pan, ha llegado a nuestros tiempos esta autentica arte. El origen del se vincula a la zona de producci\u00f3n que principalmente se encuentra encerrada en la zona de Altamura. Desde el 2003 lleva la marca DOP, el Pan de Altamura es un alimento sano y equilibrado con caracter\u00edsticas nutricionales \u00fanicas, porque es derivado de \u00f3ptimos granos duros, obtenidos en un ambiente con espec\u00edficos factores geogr\u00e1ficos-ambientales, en el cual es caracterizado el territorio de la Murgia norte-occidental y por el uso de agua potable normalmente utilizada en este territorio. Cocinados en los tradicionales hornos a la le\u00f1a y en piedra, el pan de Altamura se distingue del resto por su fragancia, su sabor, su aroma y su forma. Tiene una capa muy crujiente y unas migas muy suaves de color amarillo claro. Se presenta bajo dos formas tradicionales; la primera denominada localmente \u00abU sckuan\u00e8te\u00bb (pan horcajadas), es alto, horcajadas. El otro mas bajo, localmente denominado \u00aba cappidde de pret\u00bb (sombrero de cura).<\/span><\/p>\n<h1 style=\"color: #522400;\">Al sur de Italia<\/h1>\n<p><span style=\"color: #522400; font-family: sans-serif; font-size: 13pt;\">En la encantadora Puglia con la mejor materia prima e ingredientes, no era para menos ver nacer un producto con una excelente calidad y sobretodo sano, en el pleno respeto del territorio. Agua, harina, levadura y tanta pasi\u00f3n forman los mejores panes reconocidos, incluso, por el ministro de la pol\u00edtica agr\u00edcola con la marca Pan de Altamura DOP. En nuestras masas no puede faltar la s\u00e9mola de grano duro, hoy en dia muy solicitada con el fin de convertirse en nuestro caballo de batalla en el campo de la calidad.<\/span><\/p>\n<h1 style=\"color: #522400;\">Focaccia, Panfocaccia, Basi Pizze, Pucce<\/h1>\n<p><span style=\"font-family: sans-serif; color: #522400; font-size: 13pt;\">Satisfacer los paladares m\u00e1s exigentes es nuestra prioridad, la calidad de nuestros productos es nuestra mejor publicidad. Situados en el pleno de la Puglia, con 80.000 hect\u00e1reas, Altamura le debe su fama a su excelente pan, vencedor de prestigiosos premios. Situados en la mitad, entre el mar y la monta\u00f1a, sacamos provecho del mejor clima apto para la cultivaci\u00f3n de un gran n\u00famero de productos que se convierten en deliciosos ingredientes y materias primas de nuestros productos.<\/span><\/p>\n<div class=\"row\">\n<div class=\"col-sm-8\" style=\"color: #522400; padding-top: 20px; font-size: 12pt;\">Nuestros productos cumplen con los est\u00e1ndares de producci\u00f3n internacionales y llevan las certificaciones BRC \/ Ifs (consorcio minorista brit\u00e1nico e instrumento equivalente internacional de alimentos emitido por los nombres m\u00e1s importantes de los organismos de control alemanes, franceses e italianos) para garantizar el m\u00e1s alto nivel de seguridad alimentaria obtenido con la puntuaci\u00f3n m\u00e1s alta posible (nivel m\u00e1s alto).<\/div>\n<div class=\"col-sm-4\" style=\"color: #522400; padding-top: 20px;\"><center><img decoding=\"async\" class=\"alignnone size-full wp-image-3685\" src=\"https:\/\/novoforno.com\/wp-content\/uploads\/2018\/03\/BRC-Food-Certificated.png\" alt=\"\" width=\"62\" height=\"95\" \/><\/center><\/div>\n<\/div>\n<p>&nbsp;<\/p>\n<\/div>\n\t\t<\/div><\/div><\/div><div id=\"pg-2096-2\"  class=\"panel-grid panel-no-style\" ><div id=\"pgc-2096-2-0\"  class=\"panel-grid-cell\" ><div id=\"panel-2096-2-0-0\" class=\"so-panel widget panel-first-child panel-last-child\" data-index=\"5\" ><\/div><\/div><\/div><div id=\"pg-2096-3\"  class=\"panel-grid panel-no-style\" ><div id=\"pgc-2096-3-0\"  class=\"panel-grid-cell\" >\n\t\t<div id=\"panel-2096-3-0-0\" class=\"so-panel widget widget_featured_link_widget panel-first-child panel-last-child\" data-index=\"6\" >\t\t\t<a href=\"\/es\/productos-de-panaderia-atm-y-congelados\/\">\n\t\t\t\t<div class=\"banners-medium\" style=\"color: #522400; background-color: #5e251c;\">\n\t\t\t\t\t<span class=\"banners-text\">L\u00ednea de productos de Horno, Congelados y en ATM<\/span>\n\t\t\t\t\t<span class=\"glyphicon  glyphicon-circle  glyphicon-chevron-right\" style=\"border-color: #522400;\"><\/span>\n\t\t\t\t<\/div>\n\t\t\t<\/a>\n\t\t<\/div>\n\t\t<\/div><div id=\"pgc-2096-3-1\"  class=\"panel-grid-cell\" >\n\t\t<div id=\"panel-2096-3-1-0\" class=\"so-panel widget widget_featured_link_widget panel-first-child panel-last-child\" data-index=\"7\" >\t\t\t<a href=\"\/es\/pan-focacce-atm-y-congelados\/\">\n\t\t\t\t<div class=\"banners-medium\" style=\"color: #522400; background-color: #5e251c;\">\n\t\t\t\t\t<span class=\"banners-text\">L\u00ednea de panes especiales y productos sanos<\/span>\n\t\t\t\t\t<span class=\"glyphicon  glyphicon-circle  glyphicon-chevron-right\" style=\"border-color: #522400;\"><\/span>\n\t\t\t\t<\/div>\n\t\t\t<\/a>\n\t\t<\/div>\n\t\t<\/div><\/div><div id=\"pg-2096-4\"  class=\"panel-grid panel-no-style\" ><div id=\"pgc-2096-4-0\"  class=\"panel-grid-cell\" ><div id=\"panel-2096-4-0-0\" class=\"so-panel widget panel-first-child\" data-index=\"8\" ><\/div>\n\t\t<div id=\"panel-2096-4-0-1\" class=\"so-panel widget widget_newsletter_banner panel-last-child\" data-index=\"9\" >\t\t<div class=\"banners-big  banners-big--newsletter\">\n\t\t\t<div class=\"row\">\n\t\t\t\t<div class=\"col-xs-12  col-md-7\">\n\t\t\t\t\t<div class=\"banners-big__text\">\n\t\t\t\t\t\tRegistrate a nuestra newsletter te tendremos informado de todas nuestras novedades\t\t\t\t\t<\/div>\n\t\t\t\t<\/div>\n\t\t\t\t<div class=\"col-xs-12  col-md-5\">\n\t\t\t\t\t<div class=\"banners-big__form\">\n\t\t\t\t\t\t<form action=\"#\" method=\"post\" name=\"mc-embedded-subscribe-form\" role=\"form\" target=\"_blank\">\n\t<div class=\"form-group  form-group--form\">\n\t\t<input type=\"email\" name=\"EMAIL\" class=\"form-control  form-control--form\" placeholder=\"Agrega tu e-mail\" required>\n\t\t<button class=\"btn  btn-primary\" style=\"color: #522400;\" type=\"submit\">Registrate AHORA<\/button>\n\t<\/div>\n\t<!-- real people should not fill this in and expect good things - do not remove this or risk form bot signups-->\n\t<div style=\"position: absolute; left: -5000px;\"><input type=\"text\" name=\"b_ea0786485977f5ec8c9283d5c_5dad3f35e9\" value=\"\"><\/div>\n<\/form>\t\t\t\t\t<\/div>\n\t\t\t\t<\/div>\n\t\t\t<\/div>\n\t\t<\/div>\n\t\t<\/div>\n\t\t<\/div><\/div><div id=\"pg-2096-5\"  class=\"panel-grid panel-no-style\" ><div id=\"pgc-2096-5-0\"  class=\"panel-grid-cell\" ><div id=\"panel-2096-5-0-0\" class=\"so-panel widget panel-first-child panel-last-child\" data-index=\"10\" ><\/div><\/div><div id=\"pgc-2096-5-1\"  class=\"panel-grid-cell\" ><div id=\"panel-2096-5-1-0\" class=\"so-panel widget panel-first-child panel-last-child\" data-index=\"11\" ><\/div><\/div><div id=\"pgc-2096-5-2\"  class=\"panel-grid-cell\" ><div id=\"panel-2096-5-2-0\" class=\"so-panel widget panel-first-child panel-last-child\" data-index=\"12\" ><\/div><\/div><\/div><div id=\"pg-2096-6\"  class=\"panel-grid panel-has-style\" ><div class=\"siteorigin-panels-stretch panel-row-style panel-row-style-for-2096-6\" data-stretch-type=\"full\" ><div id=\"pgc-2096-6-0\"  class=\"panel-grid-cell\" >\n\t\t<div id=\"panel-2096-6-0-0\" class=\"so-panel widget widget_organique_testimonials panel-first-child panel-last-child\" data-index=\"13\" >\t\t<div class=\"testimonials  clearfix\">\n\n\t\t\t<div class=\"col-sm-3  hidden-xs\">\n\t\t\t\t<div class=\"testimonials__quotes\">\n\t\t\t\t\t<img decoding=\"async\" alt=\"quote\" width=\"224\" height=\"175\" class=\"testimonials__quotes--img\" src=\"https:\/\/novoforno.com\/wp-content\/themes\/organique\/assets\/images\/quotes.png\">\n\t\t\t\t<\/div>\n\t\t\t<\/div>\n\n\t\t\t<div class=\"col-xs-12  col-sm-6\">\n\n\t\t\t\t\t\t\t\t\t<a href=\"#js--testimonails-widget-6-0-0\" data-slide=\"prev\"><span class=\"glyphicon  glyphicon-circle  glyphicon-chevron-left\"><\/span><\/a>\n\t\t\t\t\t\t\t\t<h4 class=\"testimonials__title\"><span class=\"light\">Sobre<\/span> nosotros<\/h4>\n\t\t\t\t\t\n\t\t\t\t\t<a href=\"#js--testimonails-widget-6-0-0\" data-slide=\"next\"><span class=\"glyphicon  glyphicon-circle  glyphicon-chevron-right\"><\/span><\/a>\n\t\t\t\t\t\t\t\t<hr class=\"divider-dark\">\n\n\n\t\t\t\t<div id=\"js--testimonails-widget-6-0-0\" class=\"carousel  slide\" data-ride=\"carousel\" data-interval=\"5000\">\n\t\t\t\t\t<div class=\"carousel-inner\">\n\t\t\t\t\t\n\t\t\t\t\t\t<div class=\"item  active\">\n\t\t\t\t\t\t\t<blockquote class=\"testimonials__text\">\n\t\t\t\t\t\t\t\t<p>Acquisto settimanalmente il pane di Altamura Dop e Taralli multicereali, per poi rivenderli nel mio negozio. Prodotti\u00a0 eccezzionali e consegna rapida in 24 ore<\/p>\n\t\t\t\t\t\t\t\t<br>\n\t\t\t\t\t\t\t\t\t\t\t\t\t\t\t\t<cite><b>Marco Fornasir<\/b><\/cite>, Trieste\t\t\t\t\t\t\t<\/blockquote>\n\t\t\t\t\t\t<\/div>\n\n\t\t\t\t\t\n\t\t\t\t\t\t<div class=\"item\">\n\t\t\t\t\t\t\t<blockquote class=\"testimonials__text\">\n\t\t\t\t\t\t\t\t<p>Ho chiuso un&#8217;accordo con una delle piu grosse catene di supermercati in Bulgaria per la fornitura in private label di taralli e basi per pizze. Azienda seria e affidabile<\/p>\n\t\t\t\t\t\t\t\t<br>\n\t\t\t\t\t\t\t\t\t\t\t\t\t\t\t\t<cite><b>Koraf<\/b><\/cite>, Plovdiv - Bulgaria\t\t\t\t\t\t\t<\/blockquote>\n\t\t\t\t\t\t<\/div>\n\n\t\t\t\t\t\n\t\t\t\t\t\t<div class=\"item\">\n\t\t\t\t\t\t\t<blockquote class=\"testimonials__text\">\n\t\t\t\t\t\t\t\t<p>A top quality product delivered super quick! The best products made in italy in Chicago<br \/>\nThank you so much.<br \/>\nI shall definitely be using you guys again!<\/p>\n\t\t\t\t\t\t\t\t<br>\n\t\t\t\t\t\t\t\t\t\t\t\t\t\t\t\t<cite><b>Ren\u00e8 Caputo<\/b><\/cite>, Caputo Cheese Market Chicago USA\t\t\t\t\t\t\t<\/blockquote>\n\t\t\t\t\t\t<\/div>\n\n\t\t\t\t\t\n\t\t\t\t\t\t<div class=\"item\">\n\t\t\t\t\t\t\t<blockquote class=\"testimonials__text\">\n\t\t\t\t\t\t\t\t<p>Ho conosciuto l&#8217;azienda ad una fiera Sial 2014 a Parigi e da allora compro diversi prodotti per distribuirli qui in Francia. Seriet\u00e0 efficenza e soprattutto ottimi prodotti di qualit\u00e0<\/p>\n\t\t\t\t\t\t\t\t<br>\n\t\t\t\t\t\t\t\t\t\t\t\t\t\t\t\t<cite><b>Emilio Agiato<\/b><\/cite>, Parigi Francia\t\t\t\t\t\t\t<\/blockquote>\n\t\t\t\t\t\t<\/div>\n\n\t\t\t\t\t\n\t\t\t\t\t\t<div class=\"item\">\n\t\t\t\t\t\t\t<blockquote class=\"testimonials__text\">\n\t\t\t\t\t\t\t\t<p>Ottimi prodotti artigianali di qualit\u00e0<br \/>\nConsigliatissimo&#8230; Provare per credere!<\/p>\n\t\t\t\t\t\t\t\t<br>\n\t\t\t\t\t\t\t\t\t\t\t\t\t\t\t\t<cite><b>Luigi Cocci<\/b><\/cite>, Ravenna\t\t\t\t\t\t\t<\/blockquote>\n\t\t\t\t\t\t<\/div>\n\n\t\t\t\t\t\t\t\t\t\t<\/div>\n\t\t\t\t<\/div>\n\n\t\t\t<\/div><!-- col-xs-12  col-sm-6 -->\n\n\t\t\t<div class=\"col-sm-3  hidden-xs\">\n\t\t\t\t<div class=\"testimonials__quotes--rotate\">\n\t\t\t\t\t<img decoding=\"async\" alt=\"quote\" width=\"224\" height=\"175\" class=\"testimonials__quotes--img\" src=\"https:\/\/novoforno.com\/wp-content\/themes\/organique\/assets\/images\/quotes.png\">\n\t\t\t\t<\/div>\n\t\t\t<\/div>\n\t\t<\/div><!-- testimonials -->\n\n\t\t<\/div>\n\t\t<\/div><\/div><\/div><\/div>","protected":false},"excerpt":{"rendered":"<p>Novoforno \u00ae Con su amplia experiencia adquirida de los viejos hornos altamuranos en hacer el pan, ha llegado a nuestros tiempos esta autentica arte. El origen del se vincula a la zona de producci\u00f3n que principalmente se encuentra encerrada en [&hellip;]<\/p>\n","protected":false},"author":1,"featured_media":0,"parent":0,"menu_order":0,"comment_status":"closed","ping_status":"closed","template":"front-template-slider.php","meta":{"footnotes":""},"class_list":["post-2096","page","type-page","status-publish","hentry"],"yoast_head":"<!-- This site is optimized with the Yoast SEO plugin v24.7 - https:\/\/yoast.com\/wordpress\/plugins\/seo\/ -->\n<title>Home - Novoforno Altamura<\/title>\n<meta name=\"description\" content=\"Made in Italy verdaderos productos artesanales etiqueta privada Comercializadoras superficies grandes Entregamos en todo el mundo + 39-080-2143048 Novoforno\" \/>\n<meta name=\"robots\" content=\"index, follow, max-snippet:-1, max-image-preview:large, max-video-preview:-1\" \/>\n<link rel=\"canonical\" href=\"https:\/\/novoforno.com\/es\/\" \/>\n<meta property=\"og:locale\" content=\"es_ES\" \/>\n<meta property=\"og:type\" content=\"article\" \/>\n<meta property=\"og:title\" content=\"Home - Novoforno Altamura\" \/>\n<meta property=\"og:description\" content=\"Made in Italy verdaderos productos artesanales etiqueta privada Comercializadoras superficies grandes Entregamos en todo el mundo + 39-080-2143048 Novoforno\" \/>\n<meta property=\"og:url\" content=\"https:\/\/novoforno.com\/es\/\" \/>\n<meta property=\"og:site_name\" content=\"Novoforno Altamura\" \/>\n<meta property=\"article:modified_time\" content=\"2024-09-13T15:41:07+00:00\" \/>\n<meta property=\"og:image\" content=\"https:\/\/novoforno.com\/wp-content\/uploads\/2018\/03\/BRC-Food-Certificated.png\" \/>\n<meta name=\"twitter:card\" content=\"summary_large_image\" \/>\n<meta name=\"twitter:label1\" content=\"Tiempo de lectura\" \/>\n\t<meta name=\"twitter:data1\" content=\"4 minutos\" \/>\n<script type=\"application\/ld+json\" class=\"yoast-schema-graph\">{\"@context\":\"https:\/\/schema.org\",\"@graph\":[{\"@type\":\"WebPage\",\"@id\":\"https:\/\/novoforno.com\/es\/\",\"url\":\"https:\/\/novoforno.com\/es\/\",\"name\":\"Home - Novoforno Altamura\",\"isPartOf\":{\"@id\":\"https:\/\/novoforno.com\/#website\"},\"primaryImageOfPage\":{\"@id\":\"https:\/\/novoforno.com\/es\/#primaryimage\"},\"image\":{\"@id\":\"https:\/\/novoforno.com\/es\/#primaryimage\"},\"thumbnailUrl\":\"https:\/\/novoforno.com\/wp-content\/uploads\/2018\/03\/BRC-Food-Certificated.png\",\"datePublished\":\"2014-03-25T08:38:17+00:00\",\"dateModified\":\"2024-09-13T15:41:07+00:00\",\"description\":\"Made in Italy verdaderos productos artesanales etiqueta privada Comercializadoras superficies grandes Entregamos en todo el mundo + 39-080-2143048 Novoforno\",\"breadcrumb\":{\"@id\":\"https:\/\/novoforno.com\/es\/#breadcrumb\"},\"inLanguage\":\"es\",\"potentialAction\":[{\"@type\":\"ReadAction\",\"target\":[\"https:\/\/novoforno.com\/es\/\"]}]},{\"@type\":\"ImageObject\",\"inLanguage\":\"es\",\"@id\":\"https:\/\/novoforno.com\/es\/#primaryimage\",\"url\":\"https:\/\/novoforno.com\/wp-content\/uploads\/2018\/03\/BRC-Food-Certificated.png\",\"contentUrl\":\"https:\/\/novoforno.com\/wp-content\/uploads\/2018\/03\/BRC-Food-Certificated.png\"},{\"@type\":\"BreadcrumbList\",\"@id\":\"https:\/\/novoforno.com\/es\/#breadcrumb\",\"itemListElement\":[{\"@type\":\"ListItem\",\"position\":1,\"name\":\"Home\",\"item\":\"https:\/\/novoforno.com\/es\/\"},{\"@type\":\"ListItem\",\"position\":2,\"name\":\"Home\"}]},{\"@type\":\"WebSite\",\"@id\":\"https:\/\/novoforno.com\/#website\",\"url\":\"https:\/\/novoforno.com\/\",\"name\":\"Novoforno Altamura\",\"description\":\"Produzione prodotti da forno, freschi surgelati e in ATM, pane di altamura dop, basi per pizze, taralli, biscotti, sncks salati e dolci, anche private label\",\"potentialAction\":[{\"@type\":\"SearchAction\",\"target\":{\"@type\":\"EntryPoint\",\"urlTemplate\":\"https:\/\/novoforno.com\/?s={search_term_string}\"},\"query-input\":{\"@type\":\"PropertyValueSpecification\",\"valueRequired\":true,\"valueName\":\"search_term_string\"}}],\"inLanguage\":\"es\"}]}<\/script>\n<!-- \/ Yoast SEO plugin. -->","yoast_head_json":{"title":"Home - Novoforno Altamura","description":"Made in Italy verdaderos productos artesanales etiqueta privada Comercializadoras superficies grandes Entregamos en todo el mundo + 39-080-2143048 Novoforno","robots":{"index":"index","follow":"follow","max-snippet":"max-snippet:-1","max-image-preview":"max-image-preview:large","max-video-preview":"max-video-preview:-1"},"canonical":"https:\/\/novoforno.com\/es\/","og_locale":"es_ES","og_type":"article","og_title":"Home - Novoforno Altamura","og_description":"Made in Italy verdaderos productos artesanales etiqueta privada Comercializadoras superficies grandes Entregamos en todo el mundo + 39-080-2143048 Novoforno","og_url":"https:\/\/novoforno.com\/es\/","og_site_name":"Novoforno Altamura","article_modified_time":"2024-09-13T15:41:07+00:00","og_image":[{"url":"https:\/\/novoforno.com\/wp-content\/uploads\/2018\/03\/BRC-Food-Certificated.png","type":"","width":"","height":""}],"twitter_card":"summary_large_image","twitter_misc":{"Tiempo de lectura":"4 minutos"},"schema":{"@context":"https:\/\/schema.org","@graph":[{"@type":"WebPage","@id":"https:\/\/novoforno.com\/es\/","url":"https:\/\/novoforno.com\/es\/","name":"Home - Novoforno Altamura","isPartOf":{"@id":"https:\/\/novoforno.com\/#website"},"primaryImageOfPage":{"@id":"https:\/\/novoforno.com\/es\/#primaryimage"},"image":{"@id":"https:\/\/novoforno.com\/es\/#primaryimage"},"thumbnailUrl":"https:\/\/novoforno.com\/wp-content\/uploads\/2018\/03\/BRC-Food-Certificated.png","datePublished":"2014-03-25T08:38:17+00:00","dateModified":"2024-09-13T15:41:07+00:00","description":"Made in Italy verdaderos productos artesanales etiqueta privada Comercializadoras superficies grandes Entregamos en todo el mundo + 39-080-2143048 Novoforno","breadcrumb":{"@id":"https:\/\/novoforno.com\/es\/#breadcrumb"},"inLanguage":"es","potentialAction":[{"@type":"ReadAction","target":["https:\/\/novoforno.com\/es\/"]}]},{"@type":"ImageObject","inLanguage":"es","@id":"https:\/\/novoforno.com\/es\/#primaryimage","url":"https:\/\/novoforno.com\/wp-content\/uploads\/2018\/03\/BRC-Food-Certificated.png","contentUrl":"https:\/\/novoforno.com\/wp-content\/uploads\/2018\/03\/BRC-Food-Certificated.png"},{"@type":"BreadcrumbList","@id":"https:\/\/novoforno.com\/es\/#breadcrumb","itemListElement":[{"@type":"ListItem","position":1,"name":"Home","item":"https:\/\/novoforno.com\/es\/"},{"@type":"ListItem","position":2,"name":"Home"}]},{"@type":"WebSite","@id":"https:\/\/novoforno.com\/#website","url":"https:\/\/novoforno.com\/","name":"Novoforno Altamura","description":"Produzione prodotti da forno, freschi surgelati e in ATM, pane di altamura dop, basi per pizze, taralli, biscotti, sncks salati e dolci, anche private label","potentialAction":[{"@type":"SearchAction","target":{"@type":"EntryPoint","urlTemplate":"https:\/\/novoforno.com\/?s={search_term_string}"},"query-input":{"@type":"PropertyValueSpecification","valueRequired":true,"valueName":"search_term_string"}}],"inLanguage":"es"}]}},"_links":{"self":[{"href":"https:\/\/novoforno.com\/es\/wp-json\/wp\/v2\/pages\/2096","targetHints":{"allow":["GET"]}}],"collection":[{"href":"https:\/\/novoforno.com\/es\/wp-json\/wp\/v2\/pages"}],"about":[{"href":"https:\/\/novoforno.com\/es\/wp-json\/wp\/v2\/types\/page"}],"author":[{"embeddable":true,"href":"https:\/\/novoforno.com\/es\/wp-json\/wp\/v2\/users\/1"}],"replies":[{"embeddable":true,"href":"https:\/\/novoforno.com\/es\/wp-json\/wp\/v2\/comments?post=2096"}],"version-history":[{"count":64,"href":"https:\/\/novoforno.com\/es\/wp-json\/wp\/v2\/pages\/2096\/revisions"}],"predecessor-version":[{"id":6498,"href":"https:\/\/novoforno.com\/es\/wp-json\/wp\/v2\/pages\/2096\/revisions\/6498"}],"wp:attachment":[{"href":"https:\/\/novoforno.com\/es\/wp-json\/wp\/v2\/media?parent=2096"}],"curies":[{"name":"wp","href":"https:\/\/api.w.org\/{rel}","templated":true}]}}