{"id":2757,"date":"2017-07-24T09:33:34","date_gmt":"2017-07-24T07:33:34","guid":{"rendered":"https:\/\/novoforno.com\/novofornonew\/?page_id=2757\/"},"modified":"2019-02-04T17:20:17","modified_gmt":"2019-02-04T16:20:17","slug":"la-empresa-novoforno","status":"publish","type":"page","link":"https:\/\/novoforno.com\/es\/la-empresa-novoforno\/","title":{"rendered":"La empresa NOVOFORNO\u00ae"},"content":{"rendered":"<p><span style=\"line-height: 1.5em;\"><div class=\"su-row\"><div class=\"su-column su-column-size-1-2\"><div class=\"su-column-inner su-u-clearfix su-u-trim\"><\/span><\/p>\n<h3><span class=\"light\">NUESTRA PRODUCCI\u00d3N<\/span><\/h3>\n<p><img decoding=\"async\" class=\"alignleft\" src=\"https:\/\/novoforno.com\/novofornonew\/wp-content\/uploads\/2019\/02\/stabilimento_produzione_prodotti_da_forno.jpg\" alt=\" Mujer que trabaja en una l\u00ednea de producci\u00f3n de productos de panader\u00eda de la empresa Novoforno\" width=\"323\" height=\"215\" \/><\/p>\n<p>Nuestras producciones son sometidas a<strong> estrictos controles<\/strong> que parten desde la elecci\u00f3n de las materia primas.<br \/>\nCada proveedor esta <strong>acreditado<\/strong> y cada producto debe mantener los<strong> estandares productivos y de seguridad<\/strong> al primer nivel ya que cada producto <a href=\"https:\/\/novoforno.com\">Novoforno<\/a> debe garanti zar en terminos de salubridad, higiene y de primerisima calidad.<\/p>\n<p>En la fase productiva se respeta cada norma de higiene y seguridad y <strong>cada producto<\/strong> nuestro es sometido a estrictos controles costantemente, monitorando cada fase. Nuestras lineas de producciones pueden realizars cualquier producto horneado como el pan, emparedados, focacce, pan focaccia, bocconcini, ciabatte, etc.<br \/>\nEsto nos permite ofrecer un producto que satisface siempre a nuestro cliente.<\/p>\n<\/div><\/div> <div class=\"su-column su-column-size-1-2\"><div class=\"su-column-inner su-u-clearfix su-u-trim\">\n<p><img decoding=\"async\" class=\"alignright\" src=\"https:\/\/imagizer.imageshack.us\/a\/img903\/6821\/oBA6Dm.jpg\" alt=\"Productos de la empresa Novoforno\" width=\"367\" height=\"244\" \/><\/p>\n<h3><span class=\"light\">NUESTROS PRODUCTOS<\/span><\/h3>\n<p>El centro de <a href=\"https:\/\/novoforno.com\">nuestro<\/a> proceso productivo es el hombre. Expertos panaderos que gracias a sus grandes intervenciones, realizan productos inimitables que satisfacen a los consumidores mas exigentes y que andan en busqueda de novedades. Un gran toque de modernidad que ha permitido a NOVOFORNO ser capaz de cruzar fronteras nacionales y satisfacer las necesidades de los consumidores es dada a los productos congelados.<\/p>\n<p>Este sistema de almacenamiento, con el uso de muy bajas temperaturas, es ahora reconocido como el mejor universalmente, tanto en salud e higiene como en la proteccion del perfil de sabores de las comidas. A traves del estudio de las necesidades del consumidor y sin olvidar nuestra historia, NOVOFORNO crea productos unicos para la calidad y el sabor. Nuestro compromiso es constante para satisfacer el mercado con ingredientes naturales, sin aditivos ni conservantes.<\/p>\n<\/div><\/div><\/div>\n","protected":false},"excerpt":{"rendered":"NUESTRA PRODUCCI\u00d3N Nuestras producciones son sometidas a estrictos controles que parten desde la elecci\u00f3n de las materia primas. Cada proveedor esta acreditado y cada producto debe mantener los estandares productivos y de seguridad al primer nivel ya que cada producto [...]","protected":false},"author":1,"featured_media":0,"parent":0,"menu_order":0,"comment_status":"closed","ping_status":"closed","template":"page-exposed-title.php","meta":{"footnotes":""},"class_list":["post-2757","page","type-page","status-publish","hentry"],"yoast_head":"<!-- This site is optimized with the Yoast SEO plugin v24.7 - https:\/\/yoast.com\/wordpress\/plugins\/seo\/ -->\n<title>La empresa NOVOFORNO\u00ae - Novoforno Altamura<\/title>\n<meta name=\"description\" content=\"Nuestras producciones son sometidas a estrictos controles que parten desde la elecci\u00f3n de las materia primas. Cada proveedor esta...\" \/>\n<meta name=\"robots\" content=\"index, follow, max-snippet:-1, max-image-preview:large, max-video-preview:-1\" \/>\n<link rel=\"canonical\" href=\"https:\/\/novoforno.com\/es\/la-empresa-novoforno\/\" \/>\n<meta property=\"og:locale\" content=\"es_ES\" \/>\n<meta property=\"og:type\" content=\"article\" \/>\n<meta property=\"og:title\" content=\"La empresa NOVOFORNO\u00ae - Novoforno Altamura\" \/>\n<meta property=\"og:description\" content=\"Nuestras producciones son sometidas a estrictos controles que parten desde la elecci\u00f3n de las materia primas. Cada proveedor esta...\" \/>\n<meta property=\"og:url\" content=\"https:\/\/novoforno.com\/es\/la-empresa-novoforno\/\" \/>\n<meta property=\"og:site_name\" content=\"Novoforno Altamura\" \/>\n<meta property=\"article:modified_time\" content=\"2019-02-04T16:20:17+00:00\" \/>\n<meta property=\"og:image\" content=\"https:\/\/novoforno.com\/novofornonew\/wp-content\/uploads\/2019\/02\/stabilimento_produzione_prodotti_da_forno.jpg\" \/>\n<meta name=\"twitter:card\" content=\"summary_large_image\" \/>\n<meta name=\"twitter:label1\" content=\"Tiempo de lectura\" \/>\n\t<meta name=\"twitter:data1\" content=\"1 minuto\" \/>\n<script type=\"application\/ld+json\" class=\"yoast-schema-graph\">{\"@context\":\"https:\/\/schema.org\",\"@graph\":[{\"@type\":\"WebPage\",\"@id\":\"https:\/\/novoforno.com\/es\/la-empresa-novoforno\/\",\"url\":\"https:\/\/novoforno.com\/es\/la-empresa-novoforno\/\",\"name\":\"La empresa NOVOFORNO\u00ae - Novoforno Altamura\",\"isPartOf\":{\"@id\":\"https:\/\/novoforno.com\/#website\"},\"primaryImageOfPage\":{\"@id\":\"https:\/\/novoforno.com\/es\/la-empresa-novoforno\/#primaryimage\"},\"image\":{\"@id\":\"https:\/\/novoforno.com\/es\/la-empresa-novoforno\/#primaryimage\"},\"thumbnailUrl\":\"https:\/\/novoforno.com\/novofornonew\/wp-content\/uploads\/2019\/02\/stabilimento_produzione_prodotti_da_forno.jpg\",\"datePublished\":\"2017-07-24T07:33:34+00:00\",\"dateModified\":\"2019-02-04T16:20:17+00:00\",\"description\":\"Nuestras producciones son sometidas a estrictos controles que parten desde la elecci\u00f3n de las materia primas. Cada proveedor esta...\",\"breadcrumb\":{\"@id\":\"https:\/\/novoforno.com\/es\/la-empresa-novoforno\/#breadcrumb\"},\"inLanguage\":\"es\",\"potentialAction\":[{\"@type\":\"ReadAction\",\"target\":[\"https:\/\/novoforno.com\/es\/la-empresa-novoforno\/\"]}]},{\"@type\":\"ImageObject\",\"inLanguage\":\"es\",\"@id\":\"https:\/\/novoforno.com\/es\/la-empresa-novoforno\/#primaryimage\",\"url\":\"https:\/\/novoforno.com\/novofornonew\/wp-content\/uploads\/2019\/02\/stabilimento_produzione_prodotti_da_forno.jpg\",\"contentUrl\":\"https:\/\/novoforno.com\/novofornonew\/wp-content\/uploads\/2019\/02\/stabilimento_produzione_prodotti_da_forno.jpg\"},{\"@type\":\"BreadcrumbList\",\"@id\":\"https:\/\/novoforno.com\/es\/la-empresa-novoforno\/#breadcrumb\",\"itemListElement\":[{\"@type\":\"ListItem\",\"position\":1,\"name\":\"Home\",\"item\":\"https:\/\/novoforno.com\/es\/\"},{\"@type\":\"ListItem\",\"position\":2,\"name\":\"La empresa NOVOFORNO\u00ae\"}]},{\"@type\":\"WebSite\",\"@id\":\"https:\/\/novoforno.com\/#website\",\"url\":\"https:\/\/novoforno.com\/\",\"name\":\"Novoforno Altamura\",\"description\":\"Produzione prodotti da forno, freschi surgelati e in ATM, pane di altamura dop, basi per pizze, taralli, biscotti, sncks salati e dolci, anche private label\",\"potentialAction\":[{\"@type\":\"SearchAction\",\"target\":{\"@type\":\"EntryPoint\",\"urlTemplate\":\"https:\/\/novoforno.com\/?s={search_term_string}\"},\"query-input\":{\"@type\":\"PropertyValueSpecification\",\"valueRequired\":true,\"valueName\":\"search_term_string\"}}],\"inLanguage\":\"es\"}]}<\/script>\n<!-- \/ Yoast SEO plugin. -->","yoast_head_json":{"title":"La empresa NOVOFORNO\u00ae - Novoforno Altamura","description":"Nuestras producciones son sometidas a estrictos controles que parten desde la elecci\u00f3n de las materia primas. Cada proveedor esta...","robots":{"index":"index","follow":"follow","max-snippet":"max-snippet:-1","max-image-preview":"max-image-preview:large","max-video-preview":"max-video-preview:-1"},"canonical":"https:\/\/novoforno.com\/es\/la-empresa-novoforno\/","og_locale":"es_ES","og_type":"article","og_title":"La empresa NOVOFORNO\u00ae - Novoforno Altamura","og_description":"Nuestras producciones son sometidas a estrictos controles que parten desde la elecci\u00f3n de las materia primas. Cada proveedor esta...","og_url":"https:\/\/novoforno.com\/es\/la-empresa-novoforno\/","og_site_name":"Novoforno Altamura","article_modified_time":"2019-02-04T16:20:17+00:00","og_image":[{"url":"https:\/\/novoforno.com\/novofornonew\/wp-content\/uploads\/2019\/02\/stabilimento_produzione_prodotti_da_forno.jpg","type":"","width":"","height":""}],"twitter_card":"summary_large_image","twitter_misc":{"Tiempo de lectura":"1 minuto"},"schema":{"@context":"https:\/\/schema.org","@graph":[{"@type":"WebPage","@id":"https:\/\/novoforno.com\/es\/la-empresa-novoforno\/","url":"https:\/\/novoforno.com\/es\/la-empresa-novoforno\/","name":"La empresa NOVOFORNO\u00ae - Novoforno Altamura","isPartOf":{"@id":"https:\/\/novoforno.com\/#website"},"primaryImageOfPage":{"@id":"https:\/\/novoforno.com\/es\/la-empresa-novoforno\/#primaryimage"},"image":{"@id":"https:\/\/novoforno.com\/es\/la-empresa-novoforno\/#primaryimage"},"thumbnailUrl":"https:\/\/novoforno.com\/novofornonew\/wp-content\/uploads\/2019\/02\/stabilimento_produzione_prodotti_da_forno.jpg","datePublished":"2017-07-24T07:33:34+00:00","dateModified":"2019-02-04T16:20:17+00:00","description":"Nuestras producciones son sometidas a estrictos controles que parten desde la elecci\u00f3n de las materia primas. Cada proveedor esta...","breadcrumb":{"@id":"https:\/\/novoforno.com\/es\/la-empresa-novoforno\/#breadcrumb"},"inLanguage":"es","potentialAction":[{"@type":"ReadAction","target":["https:\/\/novoforno.com\/es\/la-empresa-novoforno\/"]}]},{"@type":"ImageObject","inLanguage":"es","@id":"https:\/\/novoforno.com\/es\/la-empresa-novoforno\/#primaryimage","url":"https:\/\/novoforno.com\/novofornonew\/wp-content\/uploads\/2019\/02\/stabilimento_produzione_prodotti_da_forno.jpg","contentUrl":"https:\/\/novoforno.com\/novofornonew\/wp-content\/uploads\/2019\/02\/stabilimento_produzione_prodotti_da_forno.jpg"},{"@type":"BreadcrumbList","@id":"https:\/\/novoforno.com\/es\/la-empresa-novoforno\/#breadcrumb","itemListElement":[{"@type":"ListItem","position":1,"name":"Home","item":"https:\/\/novoforno.com\/es\/"},{"@type":"ListItem","position":2,"name":"La empresa NOVOFORNO\u00ae"}]},{"@type":"WebSite","@id":"https:\/\/novoforno.com\/#website","url":"https:\/\/novoforno.com\/","name":"Novoforno Altamura","description":"Produzione prodotti da forno, freschi surgelati e in ATM, pane di altamura dop, basi per pizze, taralli, biscotti, sncks salati e dolci, anche private label","potentialAction":[{"@type":"SearchAction","target":{"@type":"EntryPoint","urlTemplate":"https:\/\/novoforno.com\/?s={search_term_string}"},"query-input":{"@type":"PropertyValueSpecification","valueRequired":true,"valueName":"search_term_string"}}],"inLanguage":"es"}]}},"_links":{"self":[{"href":"https:\/\/novoforno.com\/es\/wp-json\/wp\/v2\/pages\/2757","targetHints":{"allow":["GET"]}}],"collection":[{"href":"https:\/\/novoforno.com\/es\/wp-json\/wp\/v2\/pages"}],"about":[{"href":"https:\/\/novoforno.com\/es\/wp-json\/wp\/v2\/types\/page"}],"author":[{"embeddable":true,"href":"https:\/\/novoforno.com\/es\/wp-json\/wp\/v2\/users\/1"}],"replies":[{"embeddable":true,"href":"https:\/\/novoforno.com\/es\/wp-json\/wp\/v2\/comments?post=2757"}],"version-history":[{"count":5,"href":"https:\/\/novoforno.com\/es\/wp-json\/wp\/v2\/pages\/2757\/revisions"}],"predecessor-version":[{"id":4074,"href":"https:\/\/novoforno.com\/es\/wp-json\/wp\/v2\/pages\/2757\/revisions\/4074"}],"wp:attachment":[{"href":"https:\/\/novoforno.com\/es\/wp-json\/wp\/v2\/media?parent=2757"}],"curies":[{"name":"wp","href":"https:\/\/api.w.org\/{rel}","templated":true}]}}