{"id":2766,"date":"2017-07-24T11:15:39","date_gmt":"2017-07-24T09:15:39","guid":{"rendered":"https:\/\/novoforno.com\/novofornonew\/?page_id=2766\/"},"modified":"2019-03-29T12:36:32","modified_gmt":"2019-03-29T11:36:32","slug":"la-historia","status":"publish","type":"page","link":"https:\/\/novoforno.com\/es\/la-historia\/","title":{"rendered":"La historia"},"content":{"rendered":"<div class=\"wpb-content-wrapper\">[vc_row][vc_column 0=\u00bb\u00bb width=\u00bb1\/3&#8243;][vc_single_image image=\u00bb4338&#8243; img_size=\u00bblarge\u00bb alignment=\u00bbcenter\u00bb][\/vc_column][vc_column width=\u00bb2\/3&#8243;][vc_column_text css=\u00bb.vc_custom_1553183055808{padding-right: 30px !important;padding-left: 30px !important;}\u00bb]\n<p style=\"font-size: 14pt;\">La fortaleza y la historia de nuestra gama se encuentran en las profundas ra\u00edces de la tradici\u00f3n gastron\u00f3mica de nuestra tierra, de la que nos basamos para ofrecer una l\u00ednea completa de productos de panader\u00eda t\u00edpicos de la sana dieta mediterr\u00e1nea.<\/p>\n<p>&nbsp;<\/p>\n<p style=\"font-size: 14pt;\">En nuestras masas, la s\u00e9mola de trigo duro molida es una necesidad, hoy en d\u00eda tan buscada como nuestra marca de calidad.<\/p>\n<p>&nbsp;<\/p>\n<p style=\"font-size: 14pt;\">Nuestros productos a\u00fan nacen hoy, de acuerdo con las reglas del pasado: materias primas \u00fanicas, de calidad absoluta, levadura natural lenta y artesan\u00eda, Novoforno se considera hoy en d\u00eda una de las realidades m\u00e1s importantes en el sector de productos de panader\u00eda congelados. Cuenta con un conocimiento muy s\u00f3lido en la producci\u00f3n de pan t\u00edpico, focaccia, panfocaccia, pizzas y, sobre todo, en el procesamiento de s\u00e9mola de trigo duro molido, producida exclusivamente en el \u00e1rea de murgia que gira alrededor de Altamura.<\/p>\n[\/vc_column_text][\/vc_column][\/vc_row]\n<\/div>","protected":false},"excerpt":{"rendered":"<p>[vc_row][vc_column 0=\u00bb\u00bb width=\u00bb1\/3&#8243;][vc_single_image image=\u00bb4338&#8243; img_size=\u00bblarge\u00bb alignment=\u00bbcenter\u00bb][\/vc_column][vc_column width=\u00bb2\/3&#8243;][vc_column_text css=\u00bb.vc_custom_1553183055808{padding-right: 30px !important;padding-left: 30px !important;}\u00bb] La fortaleza y la historia de nuestra gama se encuentran en las profundas ra\u00edces de la tradici\u00f3n gastron\u00f3mica de nuestra tierra, de la que nos basamos para ofrecer [&hellip;]<\/p>\n","protected":false},"author":1,"featured_media":0,"parent":0,"menu_order":0,"comment_status":"closed","ping_status":"closed","template":"","meta":{"footnotes":""},"class_list":["post-2766","page","type-page","status-publish","hentry"],"yoast_head":"<!-- This site is optimized with the Yoast SEO plugin v24.7 - https:\/\/yoast.com\/wordpress\/plugins\/seo\/ -->\n<title>La Historia - Novoforno Altamura<\/title>\n<meta name=\"description\" content=\"La Historia Dettagli El punto de fuerza y la historia de gama NOVOFORNO residen en las mas profundas raices de la fradicio alimentaria de nuestra tierra...\" \/>\n<meta name=\"robots\" content=\"index, follow, max-snippet:-1, max-image-preview:large, max-video-preview:-1\" \/>\n<link rel=\"canonical\" href=\"https:\/\/novoforno.com\/es\/la-historia\/\" \/>\n<meta property=\"og:locale\" content=\"es_ES\" \/>\n<meta property=\"og:type\" content=\"article\" \/>\n<meta property=\"og:title\" content=\"La Historia - Novoforno Altamura\" \/>\n<meta property=\"og:description\" content=\"La Historia Dettagli El punto de fuerza y la historia de gama NOVOFORNO residen en las mas profundas raices de la fradicio alimentaria de nuestra tierra...\" \/>\n<meta property=\"og:url\" content=\"https:\/\/novoforno.com\/es\/la-historia\/\" \/>\n<meta property=\"og:site_name\" content=\"Novoforno Altamura\" \/>\n<meta property=\"article:modified_time\" content=\"2019-03-29T11:36:32+00:00\" \/>\n<meta name=\"twitter:card\" content=\"summary_large_image\" \/>\n<meta name=\"twitter:label1\" content=\"Tiempo de lectura\" \/>\n\t<meta name=\"twitter:data1\" content=\"1 minuto\" \/>\n<script type=\"application\/ld+json\" class=\"yoast-schema-graph\">{\"@context\":\"https:\/\/schema.org\",\"@graph\":[{\"@type\":\"WebPage\",\"@id\":\"https:\/\/novoforno.com\/es\/la-historia\/\",\"url\":\"https:\/\/novoforno.com\/es\/la-historia\/\",\"name\":\"La Historia - Novoforno Altamura\",\"isPartOf\":{\"@id\":\"https:\/\/novoforno.com\/#website\"},\"datePublished\":\"2017-07-24T09:15:39+00:00\",\"dateModified\":\"2019-03-29T11:36:32+00:00\",\"description\":\"La Historia Dettagli El punto de fuerza y la historia de gama NOVOFORNO residen en las mas profundas raices de la fradicio alimentaria de nuestra tierra...\",\"breadcrumb\":{\"@id\":\"https:\/\/novoforno.com\/es\/la-historia\/#breadcrumb\"},\"inLanguage\":\"es\",\"potentialAction\":[{\"@type\":\"ReadAction\",\"target\":[\"https:\/\/novoforno.com\/es\/la-historia\/\"]}]},{\"@type\":\"BreadcrumbList\",\"@id\":\"https:\/\/novoforno.com\/es\/la-historia\/#breadcrumb\",\"itemListElement\":[{\"@type\":\"ListItem\",\"position\":1,\"name\":\"Home\",\"item\":\"https:\/\/novoforno.com\/es\/\"},{\"@type\":\"ListItem\",\"position\":2,\"name\":\"La historia\"}]},{\"@type\":\"WebSite\",\"@id\":\"https:\/\/novoforno.com\/#website\",\"url\":\"https:\/\/novoforno.com\/\",\"name\":\"Novoforno Altamura\",\"description\":\"Produzione prodotti da forno, freschi surgelati e in ATM, pane di altamura dop, basi per pizze, taralli, biscotti, sncks salati e dolci, anche private label\",\"potentialAction\":[{\"@type\":\"SearchAction\",\"target\":{\"@type\":\"EntryPoint\",\"urlTemplate\":\"https:\/\/novoforno.com\/?s={search_term_string}\"},\"query-input\":{\"@type\":\"PropertyValueSpecification\",\"valueRequired\":true,\"valueName\":\"search_term_string\"}}],\"inLanguage\":\"es\"}]}<\/script>\n<!-- \/ Yoast SEO plugin. -->","yoast_head_json":{"title":"La Historia - Novoforno Altamura","description":"La Historia Dettagli El punto de fuerza y la historia de gama NOVOFORNO residen en las mas profundas raices de la fradicio alimentaria de nuestra tierra...","robots":{"index":"index","follow":"follow","max-snippet":"max-snippet:-1","max-image-preview":"max-image-preview:large","max-video-preview":"max-video-preview:-1"},"canonical":"https:\/\/novoforno.com\/es\/la-historia\/","og_locale":"es_ES","og_type":"article","og_title":"La Historia - Novoforno Altamura","og_description":"La Historia Dettagli El punto de fuerza y la historia de gama NOVOFORNO residen en las mas profundas raices de la fradicio alimentaria de nuestra tierra...","og_url":"https:\/\/novoforno.com\/es\/la-historia\/","og_site_name":"Novoforno Altamura","article_modified_time":"2019-03-29T11:36:32+00:00","twitter_card":"summary_large_image","twitter_misc":{"Tiempo de lectura":"1 minuto"},"schema":{"@context":"https:\/\/schema.org","@graph":[{"@type":"WebPage","@id":"https:\/\/novoforno.com\/es\/la-historia\/","url":"https:\/\/novoforno.com\/es\/la-historia\/","name":"La Historia - Novoforno Altamura","isPartOf":{"@id":"https:\/\/novoforno.com\/#website"},"datePublished":"2017-07-24T09:15:39+00:00","dateModified":"2019-03-29T11:36:32+00:00","description":"La Historia Dettagli El punto de fuerza y la historia de gama NOVOFORNO residen en las mas profundas raices de la fradicio alimentaria de nuestra tierra...","breadcrumb":{"@id":"https:\/\/novoforno.com\/es\/la-historia\/#breadcrumb"},"inLanguage":"es","potentialAction":[{"@type":"ReadAction","target":["https:\/\/novoforno.com\/es\/la-historia\/"]}]},{"@type":"BreadcrumbList","@id":"https:\/\/novoforno.com\/es\/la-historia\/#breadcrumb","itemListElement":[{"@type":"ListItem","position":1,"name":"Home","item":"https:\/\/novoforno.com\/es\/"},{"@type":"ListItem","position":2,"name":"La historia"}]},{"@type":"WebSite","@id":"https:\/\/novoforno.com\/#website","url":"https:\/\/novoforno.com\/","name":"Novoforno Altamura","description":"Produzione prodotti da forno, freschi surgelati e in ATM, pane di altamura dop, basi per pizze, taralli, biscotti, sncks salati e dolci, anche private label","potentialAction":[{"@type":"SearchAction","target":{"@type":"EntryPoint","urlTemplate":"https:\/\/novoforno.com\/?s={search_term_string}"},"query-input":{"@type":"PropertyValueSpecification","valueRequired":true,"valueName":"search_term_string"}}],"inLanguage":"es"}]}},"_links":{"self":[{"href":"https:\/\/novoforno.com\/es\/wp-json\/wp\/v2\/pages\/2766","targetHints":{"allow":["GET"]}}],"collection":[{"href":"https:\/\/novoforno.com\/es\/wp-json\/wp\/v2\/pages"}],"about":[{"href":"https:\/\/novoforno.com\/es\/wp-json\/wp\/v2\/types\/page"}],"author":[{"embeddable":true,"href":"https:\/\/novoforno.com\/es\/wp-json\/wp\/v2\/users\/1"}],"replies":[{"embeddable":true,"href":"https:\/\/novoforno.com\/es\/wp-json\/wp\/v2\/comments?post=2766"}],"version-history":[{"count":9,"href":"https:\/\/novoforno.com\/es\/wp-json\/wp\/v2\/pages\/2766\/revisions"}],"predecessor-version":[{"id":4890,"href":"https:\/\/novoforno.com\/es\/wp-json\/wp\/v2\/pages\/2766\/revisions\/4890"}],"wp:attachment":[{"href":"https:\/\/novoforno.com\/es\/wp-json\/wp\/v2\/media?parent=2766"}],"curies":[{"name":"wp","href":"https:\/\/api.w.org\/{rel}","templated":true}]}}