{"id":2771,"date":"2017-07-24T11:18:25","date_gmt":"2017-07-24T09:18:25","guid":{"rendered":"https:\/\/novoforno.com\/novofornonew\/?page_id=2771\/"},"modified":"2019-03-29T12:37:18","modified_gmt":"2019-03-29T11:37:18","slug":"los-productos","status":"publish","type":"page","link":"https:\/\/novoforno.com\/es\/los-productos\/","title":{"rendered":"Los productos"},"content":{"rendered":"<div class=\"wpb-content-wrapper\">[vc_row][vc_column 0=\u00bb\u00bb width=\u00bb2\/3&#8243;][vc_column_text css=\u00bb.vc_custom_1553183331785{padding-right: 30px !important;padding-left: 30px !important;}\u00bb]\n<p style=\"font-size: 14pt;\">En el coraz\u00f3n de nuestro proceso de producci\u00f3n est\u00e1 el hombre. Los panaderos experimentados, gracias a su h\u00e1bil intervenci\u00f3n, crean productos inimitables que satisfacen a los consumidores cada vez m\u00e1s exigentes en busca de novedades.<\/p>\n<p>&nbsp;<\/p>\n<p style=\"font-size: 14pt;\">Un gran toque de modernidad que nos ha permitido poder cruzar las fronteras nacionales y satisfacer las necesidades de los consumidores es el congelamiento.<\/p>\n<p>&nbsp;<\/p>\n<p style=\"font-size: 14pt;\">Este sistema de conservaci\u00f3n, con el uso de temperaturas muy bajas, ahora se reconoce universalmente como el mejor tanto desde el punto de vista de la seguridad higi\u00e9nico-sanitaria como en t\u00e9rminos de salvaguardar el perfil organol\u00e9ptico de los alimentos. A trav\u00e9s del estudio de las necesidades del consumidor y sin descuidar nunca nuestra historia, creamos productos \u00fanicos en t\u00e9rminos de calidad y sabor. Nuestro compromiso constante es satisfacer el mercado con ingredientes naturales sin aditivos ni conservantes.<\/p>\n[\/vc_column_text][\/vc_column][vc_column width=\u00bb1\/3&#8243;][vc_single_image image=\u00bb4343&#8243; img_size=\u00bblarge\u00bb alignment=\u00bbcenter\u00bb][\/vc_column][\/vc_row]\n<\/div>","protected":false},"excerpt":{"rendered":"<p>[vc_row][vc_column 0=\u00bb\u00bb width=\u00bb2\/3&#8243;][vc_column_text css=\u00bb.vc_custom_1553183331785{padding-right: 30px !important;padding-left: 30px !important;}\u00bb] En el coraz\u00f3n de nuestro proceso de producci\u00f3n est\u00e1 el hombre. Los panaderos experimentados, gracias a su h\u00e1bil intervenci\u00f3n, crean productos inimitables que satisfacen a los consumidores cada vez m\u00e1s exigentes en [&hellip;]<\/p>\n","protected":false},"author":1,"featured_media":0,"parent":0,"menu_order":0,"comment_status":"closed","ping_status":"closed","template":"","meta":{"footnotes":""},"class_list":["post-2771","page","type-page","status-publish","hentry"],"yoast_head":"<!-- This site is optimized with the Yoast SEO plugin v24.7 - https:\/\/yoast.com\/wordpress\/plugins\/seo\/ -->\n<title>Los Productos - Novoforno Altamura<\/title>\n<meta name=\"description\" content=\"Los Productos Detalles El centro de nuestro proceso productivo es el hombre. Expertos panaderos que gracias a sus grandes intervenciones, realizan...\" \/>\n<meta name=\"robots\" content=\"index, follow, max-snippet:-1, max-image-preview:large, max-video-preview:-1\" \/>\n<link rel=\"canonical\" href=\"https:\/\/novoforno.com\/es\/los-productos\/\" \/>\n<meta property=\"og:locale\" content=\"es_ES\" \/>\n<meta property=\"og:type\" content=\"article\" \/>\n<meta property=\"og:title\" content=\"Los Productos - Novoforno Altamura\" \/>\n<meta property=\"og:description\" content=\"Los Productos Detalles El centro de nuestro proceso productivo es el hombre. Expertos panaderos que gracias a sus grandes intervenciones, realizan...\" \/>\n<meta property=\"og:url\" content=\"https:\/\/novoforno.com\/es\/los-productos\/\" \/>\n<meta property=\"og:site_name\" content=\"Novoforno Altamura\" \/>\n<meta property=\"article:modified_time\" content=\"2019-03-29T11:37:18+00:00\" \/>\n<meta name=\"twitter:card\" content=\"summary_large_image\" \/>\n<meta name=\"twitter:label1\" content=\"Tiempo de lectura\" \/>\n\t<meta name=\"twitter:data1\" content=\"1 minuto\" \/>\n<script type=\"application\/ld+json\" class=\"yoast-schema-graph\">{\"@context\":\"https:\/\/schema.org\",\"@graph\":[{\"@type\":\"WebPage\",\"@id\":\"https:\/\/novoforno.com\/es\/los-productos\/\",\"url\":\"https:\/\/novoforno.com\/es\/los-productos\/\",\"name\":\"Los Productos - Novoforno Altamura\",\"isPartOf\":{\"@id\":\"https:\/\/novoforno.com\/#website\"},\"datePublished\":\"2017-07-24T09:18:25+00:00\",\"dateModified\":\"2019-03-29T11:37:18+00:00\",\"description\":\"Los Productos Detalles El centro de nuestro proceso productivo es el hombre. Expertos panaderos que gracias a sus grandes intervenciones, realizan...\",\"breadcrumb\":{\"@id\":\"https:\/\/novoforno.com\/es\/los-productos\/#breadcrumb\"},\"inLanguage\":\"es\",\"potentialAction\":[{\"@type\":\"ReadAction\",\"target\":[\"https:\/\/novoforno.com\/es\/los-productos\/\"]}]},{\"@type\":\"BreadcrumbList\",\"@id\":\"https:\/\/novoforno.com\/es\/los-productos\/#breadcrumb\",\"itemListElement\":[{\"@type\":\"ListItem\",\"position\":1,\"name\":\"Home\",\"item\":\"https:\/\/novoforno.com\/es\/\"},{\"@type\":\"ListItem\",\"position\":2,\"name\":\"Los productos\"}]},{\"@type\":\"WebSite\",\"@id\":\"https:\/\/novoforno.com\/#website\",\"url\":\"https:\/\/novoforno.com\/\",\"name\":\"Novoforno Altamura\",\"description\":\"Produzione prodotti da forno, freschi surgelati e in ATM, pane di altamura dop, basi per pizze, taralli, biscotti, sncks salati e dolci, anche private label\",\"potentialAction\":[{\"@type\":\"SearchAction\",\"target\":{\"@type\":\"EntryPoint\",\"urlTemplate\":\"https:\/\/novoforno.com\/?s={search_term_string}\"},\"query-input\":{\"@type\":\"PropertyValueSpecification\",\"valueRequired\":true,\"valueName\":\"search_term_string\"}}],\"inLanguage\":\"es\"}]}<\/script>\n<!-- \/ Yoast SEO plugin. -->","yoast_head_json":{"title":"Los Productos - Novoforno Altamura","description":"Los Productos Detalles El centro de nuestro proceso productivo es el hombre. Expertos panaderos que gracias a sus grandes intervenciones, realizan...","robots":{"index":"index","follow":"follow","max-snippet":"max-snippet:-1","max-image-preview":"max-image-preview:large","max-video-preview":"max-video-preview:-1"},"canonical":"https:\/\/novoforno.com\/es\/los-productos\/","og_locale":"es_ES","og_type":"article","og_title":"Los Productos - Novoforno Altamura","og_description":"Los Productos Detalles El centro de nuestro proceso productivo es el hombre. Expertos panaderos que gracias a sus grandes intervenciones, realizan...","og_url":"https:\/\/novoforno.com\/es\/los-productos\/","og_site_name":"Novoforno Altamura","article_modified_time":"2019-03-29T11:37:18+00:00","twitter_card":"summary_large_image","twitter_misc":{"Tiempo de lectura":"1 minuto"},"schema":{"@context":"https:\/\/schema.org","@graph":[{"@type":"WebPage","@id":"https:\/\/novoforno.com\/es\/los-productos\/","url":"https:\/\/novoforno.com\/es\/los-productos\/","name":"Los Productos - Novoforno Altamura","isPartOf":{"@id":"https:\/\/novoforno.com\/#website"},"datePublished":"2017-07-24T09:18:25+00:00","dateModified":"2019-03-29T11:37:18+00:00","description":"Los Productos Detalles El centro de nuestro proceso productivo es el hombre. Expertos panaderos que gracias a sus grandes intervenciones, realizan...","breadcrumb":{"@id":"https:\/\/novoforno.com\/es\/los-productos\/#breadcrumb"},"inLanguage":"es","potentialAction":[{"@type":"ReadAction","target":["https:\/\/novoforno.com\/es\/los-productos\/"]}]},{"@type":"BreadcrumbList","@id":"https:\/\/novoforno.com\/es\/los-productos\/#breadcrumb","itemListElement":[{"@type":"ListItem","position":1,"name":"Home","item":"https:\/\/novoforno.com\/es\/"},{"@type":"ListItem","position":2,"name":"Los productos"}]},{"@type":"WebSite","@id":"https:\/\/novoforno.com\/#website","url":"https:\/\/novoforno.com\/","name":"Novoforno Altamura","description":"Produzione prodotti da forno, freschi surgelati e in ATM, pane di altamura dop, basi per pizze, taralli, biscotti, sncks salati e dolci, anche private label","potentialAction":[{"@type":"SearchAction","target":{"@type":"EntryPoint","urlTemplate":"https:\/\/novoforno.com\/?s={search_term_string}"},"query-input":{"@type":"PropertyValueSpecification","valueRequired":true,"valueName":"search_term_string"}}],"inLanguage":"es"}]}},"_links":{"self":[{"href":"https:\/\/novoforno.com\/es\/wp-json\/wp\/v2\/pages\/2771","targetHints":{"allow":["GET"]}}],"collection":[{"href":"https:\/\/novoforno.com\/es\/wp-json\/wp\/v2\/pages"}],"about":[{"href":"https:\/\/novoforno.com\/es\/wp-json\/wp\/v2\/types\/page"}],"author":[{"embeddable":true,"href":"https:\/\/novoforno.com\/es\/wp-json\/wp\/v2\/users\/1"}],"replies":[{"embeddable":true,"href":"https:\/\/novoforno.com\/es\/wp-json\/wp\/v2\/comments?post=2771"}],"version-history":[{"count":8,"href":"https:\/\/novoforno.com\/es\/wp-json\/wp\/v2\/pages\/2771\/revisions"}],"predecessor-version":[{"id":4891,"href":"https:\/\/novoforno.com\/es\/wp-json\/wp\/v2\/pages\/2771\/revisions\/4891"}],"wp:attachment":[{"href":"https:\/\/novoforno.com\/es\/wp-json\/wp\/v2\/media?parent=2771"}],"curies":[{"name":"wp","href":"https:\/\/api.w.org\/{rel}","templated":true}]}}