{"id":2773,"date":"2017-07-24T11:22:14","date_gmt":"2017-07-24T09:22:14","guid":{"rendered":"https:\/\/novoforno.com\/novofornonew\/?page_id=2773\/"},"modified":"2019-03-29T12:35:38","modified_gmt":"2019-03-29T11:35:38","slug":"produccion","status":"publish","type":"page","link":"https:\/\/novoforno.com\/es\/produccion\/","title":{"rendered":"Produccion"},"content":{"rendered":"<div class=\"wpb-content-wrapper\">[vc_row 0=\u00bb\u00bb][vc_column width=\u00bb1\/3&#8243;][vc_single_image image=\u00bb4347&#8243; img_size=\u00bblarge\u00bb alignment=\u00bbcenter\u00bb][\/vc_column][vc_column width=\u00bb2\/3&#8243;][vc_column_text 0=\u00bb\u00bb]\n<p style=\"font-size: 14pt;\">La producci\u00f3n est\u00e1 sujeta a controles estrictos que comienzan a partir de la elecci\u00f3n de las materias primas.<\/p>\n<p>&nbsp;<\/p>\n<p style=\"font-size: 14pt;\">Cada proveedor est\u00e1 <b> acreditado <\/b> y cada producto debe mantener est\u00e1ndares de producci\u00f3n y seguridad de primera clase porque cada producto Novoforno\u00ae debe estar garantizado y ser de la m\u00e1s alta calidad.<\/p>\n<p>&nbsp;<\/p>\n<p style=\"font-size: 14pt;\">En la fase de producci\u00f3n, se respetan todos los est\u00e1ndares de higiene y seguridad y cada uno de nuestros productos est\u00e1 sujeto a controles continuos y estrictos, que controlan cada fase.<\/p>\n<p>&nbsp;<\/p>\n<p style=\"font-size: 14pt;\">Nuestras l\u00edneas de producci\u00f3n pueden hacer cualquier producto horneado, esto nos permite ofrecer un producto que siempre satisface a nuestros clientes.<\/p>\n[\/vc_column_text][\/vc_column][\/vc_row]\n<\/div>","protected":false},"excerpt":{"rendered":"<p>[vc_row 0=\u00bb\u00bb][vc_column width=\u00bb1\/3&#8243;][vc_single_image image=\u00bb4347&#8243; img_size=\u00bblarge\u00bb alignment=\u00bbcenter\u00bb][\/vc_column][vc_column width=\u00bb2\/3&#8243;][vc_column_text 0=\u00bb\u00bb] La producci\u00f3n est\u00e1 sujeta a controles estrictos que comienzan a partir de la elecci\u00f3n de las materias primas. &nbsp; Cada proveedor est\u00e1 acreditado y cada producto debe mantener est\u00e1ndares de producci\u00f3n y [&hellip;]<\/p>\n","protected":false},"author":1,"featured_media":0,"parent":0,"menu_order":0,"comment_status":"closed","ping_status":"closed","template":"","meta":{"footnotes":""},"class_list":["post-2773","page","type-page","status-publish","hentry"],"yoast_head":"<!-- This site is optimized with the Yoast SEO plugin v24.7 - https:\/\/yoast.com\/wordpress\/plugins\/seo\/ -->\n<title>Produccion - Novoforno Altamura<\/title>\n<meta name=\"description\" content=\"Produccion Detalles Nuestras producciones son sometidas a estrictos controles que parten desde la elecci\u00f3n de las materias primas. Cada proveedor esta...\" \/>\n<meta name=\"robots\" content=\"index, follow, max-snippet:-1, max-image-preview:large, max-video-preview:-1\" \/>\n<link rel=\"canonical\" href=\"https:\/\/novoforno.com\/es\/produccion\/\" \/>\n<meta property=\"og:locale\" content=\"es_ES\" \/>\n<meta property=\"og:type\" content=\"article\" \/>\n<meta property=\"og:title\" content=\"Produccion - Novoforno Altamura\" \/>\n<meta property=\"og:description\" content=\"Produccion Detalles Nuestras producciones son sometidas a estrictos controles que parten desde la elecci\u00f3n de las materias primas. Cada proveedor esta...\" \/>\n<meta property=\"og:url\" content=\"https:\/\/novoforno.com\/es\/produccion\/\" \/>\n<meta property=\"og:site_name\" content=\"Novoforno Altamura\" \/>\n<meta property=\"article:modified_time\" content=\"2019-03-29T11:35:38+00:00\" \/>\n<meta name=\"twitter:card\" content=\"summary_large_image\" \/>\n<meta name=\"twitter:label1\" content=\"Tiempo de lectura\" \/>\n\t<meta name=\"twitter:data1\" content=\"1 minuto\" \/>\n<script type=\"application\/ld+json\" class=\"yoast-schema-graph\">{\"@context\":\"https:\/\/schema.org\",\"@graph\":[{\"@type\":\"WebPage\",\"@id\":\"https:\/\/novoforno.com\/es\/produccion\/\",\"url\":\"https:\/\/novoforno.com\/es\/produccion\/\",\"name\":\"Produccion - Novoforno Altamura\",\"isPartOf\":{\"@id\":\"https:\/\/novoforno.com\/#website\"},\"datePublished\":\"2017-07-24T09:22:14+00:00\",\"dateModified\":\"2019-03-29T11:35:38+00:00\",\"description\":\"Produccion Detalles Nuestras producciones son sometidas a estrictos controles que parten desde la elecci\u00f3n de las materias primas. Cada proveedor esta...\",\"breadcrumb\":{\"@id\":\"https:\/\/novoforno.com\/es\/produccion\/#breadcrumb\"},\"inLanguage\":\"es\",\"potentialAction\":[{\"@type\":\"ReadAction\",\"target\":[\"https:\/\/novoforno.com\/es\/produccion\/\"]}]},{\"@type\":\"BreadcrumbList\",\"@id\":\"https:\/\/novoforno.com\/es\/produccion\/#breadcrumb\",\"itemListElement\":[{\"@type\":\"ListItem\",\"position\":1,\"name\":\"Home\",\"item\":\"https:\/\/novoforno.com\/es\/\"},{\"@type\":\"ListItem\",\"position\":2,\"name\":\"Produccion\"}]},{\"@type\":\"WebSite\",\"@id\":\"https:\/\/novoforno.com\/#website\",\"url\":\"https:\/\/novoforno.com\/\",\"name\":\"Novoforno Altamura\",\"description\":\"Produzione prodotti da forno, freschi surgelati e in ATM, pane di altamura dop, basi per pizze, taralli, biscotti, sncks salati e dolci, anche private label\",\"potentialAction\":[{\"@type\":\"SearchAction\",\"target\":{\"@type\":\"EntryPoint\",\"urlTemplate\":\"https:\/\/novoforno.com\/?s={search_term_string}\"},\"query-input\":{\"@type\":\"PropertyValueSpecification\",\"valueRequired\":true,\"valueName\":\"search_term_string\"}}],\"inLanguage\":\"es\"}]}<\/script>\n<!-- \/ Yoast SEO plugin. -->","yoast_head_json":{"title":"Produccion - Novoforno Altamura","description":"Produccion Detalles Nuestras producciones son sometidas a estrictos controles que parten desde la elecci\u00f3n de las materias primas. Cada proveedor esta...","robots":{"index":"index","follow":"follow","max-snippet":"max-snippet:-1","max-image-preview":"max-image-preview:large","max-video-preview":"max-video-preview:-1"},"canonical":"https:\/\/novoforno.com\/es\/produccion\/","og_locale":"es_ES","og_type":"article","og_title":"Produccion - Novoforno Altamura","og_description":"Produccion Detalles Nuestras producciones son sometidas a estrictos controles que parten desde la elecci\u00f3n de las materias primas. Cada proveedor esta...","og_url":"https:\/\/novoforno.com\/es\/produccion\/","og_site_name":"Novoforno Altamura","article_modified_time":"2019-03-29T11:35:38+00:00","twitter_card":"summary_large_image","twitter_misc":{"Tiempo de lectura":"1 minuto"},"schema":{"@context":"https:\/\/schema.org","@graph":[{"@type":"WebPage","@id":"https:\/\/novoforno.com\/es\/produccion\/","url":"https:\/\/novoforno.com\/es\/produccion\/","name":"Produccion - Novoforno Altamura","isPartOf":{"@id":"https:\/\/novoforno.com\/#website"},"datePublished":"2017-07-24T09:22:14+00:00","dateModified":"2019-03-29T11:35:38+00:00","description":"Produccion Detalles Nuestras producciones son sometidas a estrictos controles que parten desde la elecci\u00f3n de las materias primas. Cada proveedor esta...","breadcrumb":{"@id":"https:\/\/novoforno.com\/es\/produccion\/#breadcrumb"},"inLanguage":"es","potentialAction":[{"@type":"ReadAction","target":["https:\/\/novoforno.com\/es\/produccion\/"]}]},{"@type":"BreadcrumbList","@id":"https:\/\/novoforno.com\/es\/produccion\/#breadcrumb","itemListElement":[{"@type":"ListItem","position":1,"name":"Home","item":"https:\/\/novoforno.com\/es\/"},{"@type":"ListItem","position":2,"name":"Produccion"}]},{"@type":"WebSite","@id":"https:\/\/novoforno.com\/#website","url":"https:\/\/novoforno.com\/","name":"Novoforno Altamura","description":"Produzione prodotti da forno, freschi surgelati e in ATM, pane di altamura dop, basi per pizze, taralli, biscotti, sncks salati e dolci, anche private label","potentialAction":[{"@type":"SearchAction","target":{"@type":"EntryPoint","urlTemplate":"https:\/\/novoforno.com\/?s={search_term_string}"},"query-input":{"@type":"PropertyValueSpecification","valueRequired":true,"valueName":"search_term_string"}}],"inLanguage":"es"}]}},"_links":{"self":[{"href":"https:\/\/novoforno.com\/es\/wp-json\/wp\/v2\/pages\/2773","targetHints":{"allow":["GET"]}}],"collection":[{"href":"https:\/\/novoforno.com\/es\/wp-json\/wp\/v2\/pages"}],"about":[{"href":"https:\/\/novoforno.com\/es\/wp-json\/wp\/v2\/types\/page"}],"author":[{"embeddable":true,"href":"https:\/\/novoforno.com\/es\/wp-json\/wp\/v2\/users\/1"}],"replies":[{"embeddable":true,"href":"https:\/\/novoforno.com\/es\/wp-json\/wp\/v2\/comments?post=2773"}],"version-history":[{"count":11,"href":"https:\/\/novoforno.com\/es\/wp-json\/wp\/v2\/pages\/2773\/revisions"}],"predecessor-version":[{"id":4889,"href":"https:\/\/novoforno.com\/es\/wp-json\/wp\/v2\/pages\/2773\/revisions\/4889"}],"wp:attachment":[{"href":"https:\/\/novoforno.com\/es\/wp-json\/wp\/v2\/media?parent=2773"}],"curies":[{"name":"wp","href":"https:\/\/api.w.org\/{rel}","templated":true}]}}