{"id":2775,"date":"2017-07-24T11:27:16","date_gmt":"2017-07-24T09:27:16","guid":{"rendered":"https:\/\/novoforno.com\/novofornonew\/?page_id=2775\/"},"modified":"2018-09-02T18:34:31","modified_gmt":"2018-09-02T16:34:31","slug":"el-verdadero-pan-de-altamura-dop","status":"publish","type":"page","link":"https:\/\/novoforno.com\/es\/el-verdadero-pan-de-altamura-dop\/","title":{"rendered":"El verdadero Pan de Altamura DOP"},"content":{"rendered":"<h1 style=\"text-align: center;\">El verdadero Pan de Altamura DOP<\/h1>\n<blockquote>\n<p style=\"text-align: center;\"><em>\u201cEl pan de Altamura es un producto la tradicional panaderia de Altamura, en la ciudad metropolitana de Bari. Se obtiene mediante el uso de semole (muy rica en gluten) con variedades de trigo duro cultivados en los territorios de los municipios de Murgia. El 18 de julio del 2003, a nivel europeo, es reconocido el pan de Altamura por la marca (DOP).\u201d -Wikepedia<\/em><\/p>\n<\/blockquote>\n<p><img decoding=\"async\" class=\"wp-image-2605 alignright\" src=\"https:\/\/novoforno.com\/novofornonew\/wp-content\/uploads\/2017\/07\/2wguakm.jpg\" alt=\"Pan de Altamura\" width=\"557\" height=\"389\" srcset=\"https:\/\/novoforno.com\/wp-content\/uploads\/2017\/07\/2wguakm.jpg 1600w, https:\/\/novoforno.com\/wp-content\/uploads\/2017\/07\/2wguakm-300x209.jpg 300w, https:\/\/novoforno.com\/wp-content\/uploads\/2017\/07\/2wguakm-768x536.jpg 768w, https:\/\/novoforno.com\/wp-content\/uploads\/2017\/07\/2wguakm-1024x715.jpg 1024w\" sizes=\"(max-width: 557px) 100vw, 557px\" \/><\/p>\n<p><strong>Pan de Altamura Dop<\/strong><\/p>\n<p>El origen del\u00a0 Pan de Altamura \u00a0se vincula a la zona de producci\u00f3n que principalmente se encuentra encerrada en la zona de Altamura. Desde el 2003 lleva la marca \u201cDOP\u201d, el \u201cPan de Altamura\u201d es un alimento sano y equilibrado con caracter\u00edsticas nutricionales \u00fanicas, porque es derivado de \u00f3ptimos granos duros, obtenidos en un ambiente con espec\u00edficos factores geogr\u00e1ficos-ambientales, en el \u00a0cual es caracterizado el territorio de la Murgia norte-occidental y por el uso de agua potable normalmente utilizada en este territorio.<\/p>\n<p>El pan de Altamura es un producto de panaderia obtenido de la semola de trigo duro, proveniente de la molicion de granos duros de la variedad \u201cAppulo\u201d, \u201cArcangelo\u201d, \u201dDuilio\u201d y \u201cSimeto\u201d, producidas en las zonas geograficas definidas en la disciplina de producion que comprende los territorios de los municipios de Altamura, Gravina en Puglia, Poggiorsini, Spinazzola y Minervino Murge en la Provincia de Bari. El pan de Altamura, desde su caracteristico aroma, de peso nunca inferior a kg. 0,5 , ha sido el primero en Europa en conseguir la marca \u201cDOP\u201d en la categoria de mercancia \u201cPanaderia y productos horneados\u201d.<\/p>\n<p>El pan de Altamura DOP debe responder a las siguientes caracteristicas<\/p>\n<p>El pan en la tradicional forma de \u201chorcajadas\u201d tiene un peso no menos de 0,5 kg<\/p>\n<ol>\n<li>b) espesor de la corteza de al menos 3 mm;<\/li>\n<li>c) miga de color amarillo paja, caracterizado por las burbujas tamano uniforme;<\/li>\n<li>d) perfume caracteristico;<\/li>\n<li>e) humedad no mayor al 33%.<\/li>\n<\/ol>\n<p>producto terminado sera empaquetado y perforado con una etiqueta:<\/p>\n<p>1) lista de los ingredientes, production de la empresa;<\/p>\n<p>2) fecha de expiracion;<\/p>\n<p>3) logo<\/p>\n<p>4) En alternativa, sin nada que agregar, con la unica colocacion en el producto ya terminado de una etiqueta de material biologico que muestra las caracteristicas nombradas anteriormente y la frase \u201cPane di Altamura DOP\u201d<\/p>\n<p>Sobre las etiquetas debera aparecer la marca utilizada de modo inseparable con la denominacion de origen protegido. El simbolo grafico.<\/p>\n<p>Nosotros de <a href=\"https:\/\/novoforno.com\">Novoforno<\/a> producimos y exportamos nuestro pan de calidad, hecho con pasion y tradicion, en todo el mercado estranjero y gracias a la flexibilidad de nuestra empresa logramos adaptarnos a <strong>las exigencias<\/strong> del cliente buscando juntos soluciones que puedan dejar satisfacciones de ambas partes.<\/p>\n<p>&nbsp;<\/p>\n<p>Nuestra linea del <strong>PAN DE ALTAMURA DOP<\/strong>, dispone de cuatro diversos formatos, Alto y Bajo, ambos pueden ser tanto de 500 gr como de 1 Kg.<\/p>\n<p>&nbsp;<\/p>\n<p><center><br \/>\n<img decoding=\"async\" class=\"alignnone size-full wp-image-2606\" src=\"https:\/\/novoforno.com\/novofornonew\/wp-content\/uploads\/2017\/07\/alto270.png\" alt=\"Pane di Altamura Alto\" width=\"270\" height=\"270\" srcset=\"https:\/\/novoforno.com\/wp-content\/uploads\/2017\/07\/alto270.png 270w, https:\/\/novoforno.com\/wp-content\/uploads\/2017\/07\/alto270-150x150.png 150w, https:\/\/novoforno.com\/wp-content\/uploads\/2017\/07\/alto270-180x180.png 180w, https:\/\/novoforno.com\/wp-content\/uploads\/2017\/07\/alto270-260x260.png 260w\" sizes=\"(max-width: 270px) 100vw, 270px\" \/>\u00a0 \u00a0 \u00a0 \u00a0 \u00a0 \u00a0 \u00a0 \u00a0 \u00a0 \u00a0 \u00a0<img decoding=\"async\" class=\"alignnone size-full wp-image-2607\" src=\"https:\/\/novoforno.com\/novofornonew\/wp-content\/uploads\/2017\/07\/basso270.png\" alt=\"Pane di Altamura Basso\" width=\"270\" height=\"270\" srcset=\"https:\/\/novoforno.com\/wp-content\/uploads\/2017\/07\/basso270.png 270w, https:\/\/novoforno.com\/wp-content\/uploads\/2017\/07\/basso270-150x150.png 150w, https:\/\/novoforno.com\/wp-content\/uploads\/2017\/07\/basso270-180x180.png 180w, https:\/\/novoforno.com\/wp-content\/uploads\/2017\/07\/basso270-260x260.png 260w\" sizes=\"(max-width: 270px) 100vw, 270px\" \/><\/center>&nbsp;<\/p>\n<p><strong>INFORMACION NUTRICIONAL<\/strong><\/p>\n<table border=\"1\" width=\"416\" cellspacing=\"5\" cellpadding=\"5\">\n<tbody>\n<tr class=\"tit\">\n<td colspan=\"2\"><strong>VALORES MEDIOS POR CADA 100gr DE PRODUCTO<\/strong><\/td>\n<\/tr>\n<tr class=\"odd\">\n<td><strong>Valor energetico:<\/strong><\/td>\n<td><strong>1294 kJ \/ 305kcal<\/strong><\/td>\n<\/tr>\n<tr>\n<td><strong>Grasa Total:<\/strong><\/td>\n<td><strong>2,2 g<\/strong><\/td>\n<\/tr>\n<tr class=\"odd\">\n<td><strong>Grasa Saturada:<\/strong><\/td>\n<td><strong>0 g<\/strong><\/td>\n<\/tr>\n<tr>\n<td><strong>Carbohidratos:<\/strong><\/td>\n<td><strong>60,1 g<\/strong><\/td>\n<\/tr>\n<tr class=\"odd\">\n<td><strong>Azucares:<\/strong><\/td>\n<td><strong>6,5 g<\/strong><\/td>\n<\/tr>\n<tr>\n<td><strong>Fibra:<\/strong><\/td>\n<td><strong>1,9 g<\/strong><\/td>\n<\/tr>\n<tr class=\"odd\">\n<td><strong>Proteina:<\/strong><\/td>\n<td><strong>10,4 g<\/strong><\/td>\n<\/tr>\n<tr>\n<td><strong>Sal:<\/strong><\/td>\n<td><strong>1,5 g<\/strong><\/td>\n<\/tr>\n<\/tbody>\n<\/table>\n<p><strong>\u00a0<\/strong><\/p>\n<p>Nuestros productos son siempre <strong>frescos y realizados con la maxima constancia<\/strong> de cada dia, contamos con  los mejores currier nacionales e internacionales para garantizar la maxima rapidez y la mejor conservacion de <strong>nuestros productos<\/strong>.<\/p>\n","protected":false},"excerpt":{"rendered":"<p>El verdadero Pan de Altamura DOP \u201cEl pan de Altamura es un producto la tradicional panaderia de Altamura, en la ciudad metropolitana de Bari. Se obtiene mediante el uso de semole (muy rica en gluten) con variedades de trigo duro [&hellip;]<\/p>\n","protected":false},"author":1,"featured_media":0,"parent":0,"menu_order":0,"comment_status":"closed","ping_status":"closed","template":"","meta":{"footnotes":""},"class_list":["post-2775","page","type-page","status-publish","hentry"],"yoast_head":"<!-- This site is optimized with the Yoast SEO plugin v24.7 - https:\/\/yoast.com\/wordpress\/plugins\/seo\/ -->\n<title>El verdadero Pan de Altamura DOP - Novoforno Altamura<\/title>\n<meta name=\"description\" content=\"El verdadero Pan de Altamura DOP \u201cEl pan de Altamura es un producto la tradicional panaderia de Altamura, en la ciudad metropolitana de Bari...\" \/>\n<meta name=\"robots\" content=\"index, follow, max-snippet:-1, max-image-preview:large, max-video-preview:-1\" \/>\n<link rel=\"canonical\" href=\"https:\/\/novoforno.com\/es\/el-verdadero-pan-de-altamura-dop\/\" \/>\n<meta property=\"og:locale\" content=\"es_ES\" \/>\n<meta property=\"og:type\" content=\"article\" \/>\n<meta property=\"og:title\" content=\"El verdadero Pan de Altamura DOP - Novoforno Altamura\" \/>\n<meta property=\"og:description\" content=\"El verdadero Pan de Altamura DOP \u201cEl pan de Altamura es un producto la tradicional panaderia de Altamura, en la ciudad metropolitana de Bari...\" \/>\n<meta property=\"og:url\" content=\"https:\/\/novoforno.com\/es\/el-verdadero-pan-de-altamura-dop\/\" \/>\n<meta property=\"og:site_name\" content=\"Novoforno Altamura\" \/>\n<meta property=\"article:modified_time\" content=\"2018-09-02T16:34:31+00:00\" \/>\n<meta property=\"og:image\" content=\"https:\/\/novoforno.com\/novofornonew\/wp-content\/uploads\/2017\/07\/2wguakm.jpg\" \/>\n<meta name=\"twitter:card\" content=\"summary_large_image\" \/>\n<meta name=\"twitter:label1\" content=\"Tiempo de lectura\" \/>\n\t<meta name=\"twitter:data1\" content=\"3 minutos\" \/>\n<script type=\"application\/ld+json\" class=\"yoast-schema-graph\">{\"@context\":\"https:\/\/schema.org\",\"@graph\":[{\"@type\":\"WebPage\",\"@id\":\"https:\/\/novoforno.com\/es\/el-verdadero-pan-de-altamura-dop\/\",\"url\":\"https:\/\/novoforno.com\/es\/el-verdadero-pan-de-altamura-dop\/\",\"name\":\"El verdadero Pan de Altamura DOP - Novoforno Altamura\",\"isPartOf\":{\"@id\":\"https:\/\/novoforno.com\/#website\"},\"primaryImageOfPage\":{\"@id\":\"https:\/\/novoforno.com\/es\/el-verdadero-pan-de-altamura-dop\/#primaryimage\"},\"image\":{\"@id\":\"https:\/\/novoforno.com\/es\/el-verdadero-pan-de-altamura-dop\/#primaryimage\"},\"thumbnailUrl\":\"https:\/\/novoforno.com\/novofornonew\/wp-content\/uploads\/2017\/07\/2wguakm.jpg\",\"datePublished\":\"2017-07-24T09:27:16+00:00\",\"dateModified\":\"2018-09-02T16:34:31+00:00\",\"description\":\"El verdadero Pan de Altamura DOP \u201cEl pan de Altamura es un producto la tradicional panaderia de Altamura, en la ciudad metropolitana de Bari...\",\"breadcrumb\":{\"@id\":\"https:\/\/novoforno.com\/es\/el-verdadero-pan-de-altamura-dop\/#breadcrumb\"},\"inLanguage\":\"es\",\"potentialAction\":[{\"@type\":\"ReadAction\",\"target\":[\"https:\/\/novoforno.com\/es\/el-verdadero-pan-de-altamura-dop\/\"]}]},{\"@type\":\"ImageObject\",\"inLanguage\":\"es\",\"@id\":\"https:\/\/novoforno.com\/es\/el-verdadero-pan-de-altamura-dop\/#primaryimage\",\"url\":\"https:\/\/novoforno.com\/novofornonew\/wp-content\/uploads\/2017\/07\/2wguakm.jpg\",\"contentUrl\":\"https:\/\/novoforno.com\/novofornonew\/wp-content\/uploads\/2017\/07\/2wguakm.jpg\"},{\"@type\":\"BreadcrumbList\",\"@id\":\"https:\/\/novoforno.com\/es\/el-verdadero-pan-de-altamura-dop\/#breadcrumb\",\"itemListElement\":[{\"@type\":\"ListItem\",\"position\":1,\"name\":\"Home\",\"item\":\"https:\/\/novoforno.com\/es\/\"},{\"@type\":\"ListItem\",\"position\":2,\"name\":\"El verdadero Pan de Altamura DOP\"}]},{\"@type\":\"WebSite\",\"@id\":\"https:\/\/novoforno.com\/#website\",\"url\":\"https:\/\/novoforno.com\/\",\"name\":\"Novoforno Altamura\",\"description\":\"Produzione prodotti da forno, freschi surgelati e in ATM, pane di altamura dop, basi per pizze, taralli, biscotti, sncks salati e dolci, anche private label\",\"potentialAction\":[{\"@type\":\"SearchAction\",\"target\":{\"@type\":\"EntryPoint\",\"urlTemplate\":\"https:\/\/novoforno.com\/?s={search_term_string}\"},\"query-input\":{\"@type\":\"PropertyValueSpecification\",\"valueRequired\":true,\"valueName\":\"search_term_string\"}}],\"inLanguage\":\"es\"}]}<\/script>\n<!-- \/ Yoast SEO plugin. -->","yoast_head_json":{"title":"El verdadero Pan de Altamura DOP - Novoforno Altamura","description":"El verdadero Pan de Altamura DOP \u201cEl pan de Altamura es un producto la tradicional panaderia de Altamura, en la ciudad metropolitana de Bari...","robots":{"index":"index","follow":"follow","max-snippet":"max-snippet:-1","max-image-preview":"max-image-preview:large","max-video-preview":"max-video-preview:-1"},"canonical":"https:\/\/novoforno.com\/es\/el-verdadero-pan-de-altamura-dop\/","og_locale":"es_ES","og_type":"article","og_title":"El verdadero Pan de Altamura DOP - Novoforno Altamura","og_description":"El verdadero Pan de Altamura DOP \u201cEl pan de Altamura es un producto la tradicional panaderia de Altamura, en la ciudad metropolitana de Bari...","og_url":"https:\/\/novoforno.com\/es\/el-verdadero-pan-de-altamura-dop\/","og_site_name":"Novoforno Altamura","article_modified_time":"2018-09-02T16:34:31+00:00","og_image":[{"url":"https:\/\/novoforno.com\/novofornonew\/wp-content\/uploads\/2017\/07\/2wguakm.jpg","type":"","width":"","height":""}],"twitter_card":"summary_large_image","twitter_misc":{"Tiempo de lectura":"3 minutos"},"schema":{"@context":"https:\/\/schema.org","@graph":[{"@type":"WebPage","@id":"https:\/\/novoforno.com\/es\/el-verdadero-pan-de-altamura-dop\/","url":"https:\/\/novoforno.com\/es\/el-verdadero-pan-de-altamura-dop\/","name":"El verdadero Pan de Altamura DOP - Novoforno Altamura","isPartOf":{"@id":"https:\/\/novoforno.com\/#website"},"primaryImageOfPage":{"@id":"https:\/\/novoforno.com\/es\/el-verdadero-pan-de-altamura-dop\/#primaryimage"},"image":{"@id":"https:\/\/novoforno.com\/es\/el-verdadero-pan-de-altamura-dop\/#primaryimage"},"thumbnailUrl":"https:\/\/novoforno.com\/novofornonew\/wp-content\/uploads\/2017\/07\/2wguakm.jpg","datePublished":"2017-07-24T09:27:16+00:00","dateModified":"2018-09-02T16:34:31+00:00","description":"El verdadero Pan de Altamura DOP \u201cEl pan de Altamura es un producto la tradicional panaderia de Altamura, en la ciudad metropolitana de Bari...","breadcrumb":{"@id":"https:\/\/novoforno.com\/es\/el-verdadero-pan-de-altamura-dop\/#breadcrumb"},"inLanguage":"es","potentialAction":[{"@type":"ReadAction","target":["https:\/\/novoforno.com\/es\/el-verdadero-pan-de-altamura-dop\/"]}]},{"@type":"ImageObject","inLanguage":"es","@id":"https:\/\/novoforno.com\/es\/el-verdadero-pan-de-altamura-dop\/#primaryimage","url":"https:\/\/novoforno.com\/novofornonew\/wp-content\/uploads\/2017\/07\/2wguakm.jpg","contentUrl":"https:\/\/novoforno.com\/novofornonew\/wp-content\/uploads\/2017\/07\/2wguakm.jpg"},{"@type":"BreadcrumbList","@id":"https:\/\/novoforno.com\/es\/el-verdadero-pan-de-altamura-dop\/#breadcrumb","itemListElement":[{"@type":"ListItem","position":1,"name":"Home","item":"https:\/\/novoforno.com\/es\/"},{"@type":"ListItem","position":2,"name":"El verdadero Pan de Altamura DOP"}]},{"@type":"WebSite","@id":"https:\/\/novoforno.com\/#website","url":"https:\/\/novoforno.com\/","name":"Novoforno Altamura","description":"Produzione prodotti da forno, freschi surgelati e in ATM, pane di altamura dop, basi per pizze, taralli, biscotti, sncks salati e dolci, anche private label","potentialAction":[{"@type":"SearchAction","target":{"@type":"EntryPoint","urlTemplate":"https:\/\/novoforno.com\/?s={search_term_string}"},"query-input":{"@type":"PropertyValueSpecification","valueRequired":true,"valueName":"search_term_string"}}],"inLanguage":"es"}]}},"_links":{"self":[{"href":"https:\/\/novoforno.com\/es\/wp-json\/wp\/v2\/pages\/2775","targetHints":{"allow":["GET"]}}],"collection":[{"href":"https:\/\/novoforno.com\/es\/wp-json\/wp\/v2\/pages"}],"about":[{"href":"https:\/\/novoforno.com\/es\/wp-json\/wp\/v2\/types\/page"}],"author":[{"embeddable":true,"href":"https:\/\/novoforno.com\/es\/wp-json\/wp\/v2\/users\/1"}],"replies":[{"embeddable":true,"href":"https:\/\/novoforno.com\/es\/wp-json\/wp\/v2\/comments?post=2775"}],"version-history":[{"count":5,"href":"https:\/\/novoforno.com\/es\/wp-json\/wp\/v2\/pages\/2775\/revisions"}],"predecessor-version":[{"id":3873,"href":"https:\/\/novoforno.com\/es\/wp-json\/wp\/v2\/pages\/2775\/revisions\/3873"}],"wp:attachment":[{"href":"https:\/\/novoforno.com\/es\/wp-json\/wp\/v2\/media?parent=2775"}],"curies":[{"name":"wp","href":"https:\/\/api.w.org\/{rel}","templated":true}]}}