{"id":2844,"date":"2017-07-26T11:06:53","date_gmt":"2017-07-26T09:06:53","guid":{"rendered":"https:\/\/novoforno.com\/novofornonew\/?page_id=2844\/"},"modified":"2019-03-29T12:39:48","modified_gmt":"2019-03-29T11:39:48","slug":"pan-de-semola","status":"publish","type":"page","link":"https:\/\/novoforno.com\/es\/pan-de-semola\/","title":{"rendered":"Pan de s\u00e9mola"},"content":{"rendered":"<div class=\"wpb-content-wrapper\">[vc_row][vc_column][vc_column_text]\n<h1 style=\"text-align: center;\"><strong>Il Pane di Altamura fatto con<\/strong><\/h1>\n<h2 style=\"text-align: center;\"><strong>Semola Rimacinata, distribuito da<\/strong><strong>\u00a0<u>Novoforno\u00ae<\/u><\/strong><\/h2>\n[\/vc_column_text][\/vc_column][\/vc_row][vc_row css=\u00bb.vc_custom_1550250111260{padding-top: 30px !important;}\u00bb][vc_column 0=\u00bb\u00bb width=\u00bb1\/3&#8243;][vc_single_image image=\u00bb4565&#8243; img_size=\u00bblarge\u00bb alignment=\u00bbcenter\u00bb][\/vc_column][vc_column width=\u00bb2\/3&#8243;][vc_column_text]\n<p style=\"font-size: 14pt;\">Una de las caracter\u00edsticas m\u00e1s significativas de este <strong> producto de s\u00e9mola <\/strong> que ofrece Novoforno, junto con el sabor y la digestibilidad, es su vida \u00fatil prolongada: permanece en buen gusto hasta cuatro \/ cinco d\u00edas a partir de la fecha de producci\u00f3n o descongelaci\u00f3n.<\/p>\n<p>&nbsp;<\/p>\n<p style=\"font-size: 14pt;\">Producido con sistema artesanal y con receta tradicional exclusiva, que incorpora la de <strong> PANE DI ALTAMURA <\/strong>, en formas de 500 g se presenta con una estructura bien alveolar y gracias a la fermentaci\u00f3n natural, mantiene el perfume, el sabor y la fragancia.<\/p>\n<p>&nbsp;<\/p>\n<p style=\"font-size: 14pt;\">Congelado y envasado en pel\u00edcula de polipropileno, adecuado para los canales: <strong> Retail, Catering-Horeca <\/strong> y para el canal <strong> In Store Baking <\/strong> (cadenas de supermercados) con <strong> hot spots \/ panader\u00eda <\/strong> en el interior, ofrecer\u00e1 beneficios indudables al consumidor: siempre disponible, nunca viejo, nunca se desperdicia, pero solo pan reci\u00e9n horneado con 12 meses de vencimiento.<\/p>\n<p>&nbsp;<\/p>\n<p style=\"font-size: 14pt;\">Las condiciones de almacenamiento y las recomendaciones de uso se indican en el embalaje.<\/p>\n[\/vc_column_text][\/vc_column][\/vc_row]\n<\/div>","protected":false},"excerpt":{"rendered":"<p>[vc_row][vc_column][vc_column_text] Il Pane di Altamura fatto con Semola Rimacinata, distribuito da\u00a0Novoforno\u00ae [\/vc_column_text][\/vc_column][\/vc_row][vc_row css=\u00bb.vc_custom_1550250111260{padding-top: 30px !important;}\u00bb][vc_column 0=\u00bb\u00bb width=\u00bb1\/3&#8243;][vc_single_image image=\u00bb4565&#8243; img_size=\u00bblarge\u00bb alignment=\u00bbcenter\u00bb][\/vc_column][vc_column width=\u00bb2\/3&#8243;][vc_column_text] Una de las caracter\u00edsticas m\u00e1s significativas de este producto de s\u00e9mola que ofrece Novoforno, junto con el sabor y [&hellip;]<\/p>\n","protected":false},"author":1,"featured_media":0,"parent":0,"menu_order":0,"comment_status":"closed","ping_status":"closed","template":"","meta":{"footnotes":""},"class_list":["post-2844","page","type-page","status-publish","hentry"],"yoast_head":"<!-- This site is optimized with the Yoast SEO plugin v24.7 - https:\/\/yoast.com\/wordpress\/plugins\/seo\/ -->\n<title>Pan de Semola - Novoforno Altamura<\/title>\n<meta name=\"description\" content=\"EL PAN DE ALTAMURA HECHO CON SEMOLA REFINADA, DISTRIBUIDO POR NOVOFORNO\u00ae Una de las caracteristicas mas significativas de este producto\" \/>\n<meta name=\"robots\" content=\"index, follow, max-snippet:-1, max-image-preview:large, max-video-preview:-1\" \/>\n<link rel=\"canonical\" href=\"https:\/\/novoforno.com\/es\/pan-de-semola\/\" \/>\n<meta property=\"og:locale\" content=\"es_ES\" \/>\n<meta property=\"og:type\" content=\"article\" \/>\n<meta property=\"og:title\" content=\"Pan de Semola - Novoforno Altamura\" \/>\n<meta property=\"og:description\" content=\"EL PAN DE ALTAMURA HECHO CON SEMOLA REFINADA, DISTRIBUIDO POR NOVOFORNO\u00ae Una de las caracteristicas mas significativas de este producto\" \/>\n<meta property=\"og:url\" content=\"https:\/\/novoforno.com\/es\/pan-de-semola\/\" \/>\n<meta property=\"og:site_name\" content=\"Novoforno Altamura\" \/>\n<meta property=\"article:modified_time\" content=\"2019-03-29T11:39:48+00:00\" \/>\n<meta name=\"twitter:card\" content=\"summary_large_image\" \/>\n<meta name=\"twitter:label1\" content=\"Tiempo de lectura\" \/>\n\t<meta name=\"twitter:data1\" content=\"1 minuto\" \/>\n<script type=\"application\/ld+json\" class=\"yoast-schema-graph\">{\"@context\":\"https:\/\/schema.org\",\"@graph\":[{\"@type\":\"WebPage\",\"@id\":\"https:\/\/novoforno.com\/es\/pan-de-semola\/\",\"url\":\"https:\/\/novoforno.com\/es\/pan-de-semola\/\",\"name\":\"Pan de Semola - Novoforno Altamura\",\"isPartOf\":{\"@id\":\"https:\/\/novoforno.com\/#website\"},\"datePublished\":\"2017-07-26T09:06:53+00:00\",\"dateModified\":\"2019-03-29T11:39:48+00:00\",\"description\":\"EL PAN DE ALTAMURA HECHO CON SEMOLA REFINADA, DISTRIBUIDO POR NOVOFORNO\u00ae Una de las caracteristicas mas significativas de este producto\",\"breadcrumb\":{\"@id\":\"https:\/\/novoforno.com\/es\/pan-de-semola\/#breadcrumb\"},\"inLanguage\":\"es\",\"potentialAction\":[{\"@type\":\"ReadAction\",\"target\":[\"https:\/\/novoforno.com\/es\/pan-de-semola\/\"]}]},{\"@type\":\"BreadcrumbList\",\"@id\":\"https:\/\/novoforno.com\/es\/pan-de-semola\/#breadcrumb\",\"itemListElement\":[{\"@type\":\"ListItem\",\"position\":1,\"name\":\"Home\",\"item\":\"https:\/\/novoforno.com\/es\/\"},{\"@type\":\"ListItem\",\"position\":2,\"name\":\"Pan de s\u00e9mola\"}]},{\"@type\":\"WebSite\",\"@id\":\"https:\/\/novoforno.com\/#website\",\"url\":\"https:\/\/novoforno.com\/\",\"name\":\"Novoforno Altamura\",\"description\":\"Produzione prodotti da forno, freschi surgelati e in ATM, pane di altamura dop, basi per pizze, taralli, biscotti, sncks salati e dolci, anche private label\",\"potentialAction\":[{\"@type\":\"SearchAction\",\"target\":{\"@type\":\"EntryPoint\",\"urlTemplate\":\"https:\/\/novoforno.com\/?s={search_term_string}\"},\"query-input\":{\"@type\":\"PropertyValueSpecification\",\"valueRequired\":true,\"valueName\":\"search_term_string\"}}],\"inLanguage\":\"es\"}]}<\/script>\n<!-- \/ Yoast SEO plugin. -->","yoast_head_json":{"title":"Pan de Semola - Novoforno Altamura","description":"EL PAN DE ALTAMURA HECHO CON SEMOLA REFINADA, DISTRIBUIDO POR NOVOFORNO\u00ae Una de las caracteristicas mas significativas de este producto","robots":{"index":"index","follow":"follow","max-snippet":"max-snippet:-1","max-image-preview":"max-image-preview:large","max-video-preview":"max-video-preview:-1"},"canonical":"https:\/\/novoforno.com\/es\/pan-de-semola\/","og_locale":"es_ES","og_type":"article","og_title":"Pan de Semola - Novoforno Altamura","og_description":"EL PAN DE ALTAMURA HECHO CON SEMOLA REFINADA, DISTRIBUIDO POR NOVOFORNO\u00ae Una de las caracteristicas mas significativas de este producto","og_url":"https:\/\/novoforno.com\/es\/pan-de-semola\/","og_site_name":"Novoforno Altamura","article_modified_time":"2019-03-29T11:39:48+00:00","twitter_card":"summary_large_image","twitter_misc":{"Tiempo de lectura":"1 minuto"},"schema":{"@context":"https:\/\/schema.org","@graph":[{"@type":"WebPage","@id":"https:\/\/novoforno.com\/es\/pan-de-semola\/","url":"https:\/\/novoforno.com\/es\/pan-de-semola\/","name":"Pan de Semola - Novoforno Altamura","isPartOf":{"@id":"https:\/\/novoforno.com\/#website"},"datePublished":"2017-07-26T09:06:53+00:00","dateModified":"2019-03-29T11:39:48+00:00","description":"EL PAN DE ALTAMURA HECHO CON SEMOLA REFINADA, DISTRIBUIDO POR NOVOFORNO\u00ae Una de las caracteristicas mas significativas de este producto","breadcrumb":{"@id":"https:\/\/novoforno.com\/es\/pan-de-semola\/#breadcrumb"},"inLanguage":"es","potentialAction":[{"@type":"ReadAction","target":["https:\/\/novoforno.com\/es\/pan-de-semola\/"]}]},{"@type":"BreadcrumbList","@id":"https:\/\/novoforno.com\/es\/pan-de-semola\/#breadcrumb","itemListElement":[{"@type":"ListItem","position":1,"name":"Home","item":"https:\/\/novoforno.com\/es\/"},{"@type":"ListItem","position":2,"name":"Pan de s\u00e9mola"}]},{"@type":"WebSite","@id":"https:\/\/novoforno.com\/#website","url":"https:\/\/novoforno.com\/","name":"Novoforno Altamura","description":"Produzione prodotti da forno, freschi surgelati e in ATM, pane di altamura dop, basi per pizze, taralli, biscotti, sncks salati e dolci, anche private label","potentialAction":[{"@type":"SearchAction","target":{"@type":"EntryPoint","urlTemplate":"https:\/\/novoforno.com\/?s={search_term_string}"},"query-input":{"@type":"PropertyValueSpecification","valueRequired":true,"valueName":"search_term_string"}}],"inLanguage":"es"}]}},"_links":{"self":[{"href":"https:\/\/novoforno.com\/es\/wp-json\/wp\/v2\/pages\/2844","targetHints":{"allow":["GET"]}}],"collection":[{"href":"https:\/\/novoforno.com\/es\/wp-json\/wp\/v2\/pages"}],"about":[{"href":"https:\/\/novoforno.com\/es\/wp-json\/wp\/v2\/types\/page"}],"author":[{"embeddable":true,"href":"https:\/\/novoforno.com\/es\/wp-json\/wp\/v2\/users\/1"}],"replies":[{"embeddable":true,"href":"https:\/\/novoforno.com\/es\/wp-json\/wp\/v2\/comments?post=2844"}],"version-history":[{"count":8,"href":"https:\/\/novoforno.com\/es\/wp-json\/wp\/v2\/pages\/2844\/revisions"}],"predecessor-version":[{"id":4895,"href":"https:\/\/novoforno.com\/es\/wp-json\/wp\/v2\/pages\/2844\/revisions\/4895"}],"wp:attachment":[{"href":"https:\/\/novoforno.com\/es\/wp-json\/wp\/v2\/media?parent=2844"}],"curies":[{"name":"wp","href":"https:\/\/api.w.org\/{rel}","templated":true}]}}