{"id":3839,"date":"2018-05-24T10:17:26","date_gmt":"2018-05-24T08:17:26","guid":{"rendered":"https:\/\/novoforno.com\/?page_id=3839\/"},"modified":"2024-09-13T13:32:43","modified_gmt":"2024-09-13T11:32:43","slug":"privacy-policy","status":"publish","type":"page","link":"https:\/\/novoforno.com\/es\/privacy-policy\/","title":{"rendered":"Privacy Policy"},"content":{"rendered":"<div class=\"wpb-content-wrapper\">[vc_row][vc_column][vc_column_text css=\u00bb\u00bb]\n<div class=\"wp-block-uagb-advanced-heading uagb-block-4fd33398\">\n<p class=\"uagb-heading-text\">Informaci\u00f3n sobre el tratamiento de datos personales de los usuarios que consultan el sitio web de la Compa\u00f1\u00eda de acuerdo con el art\u00edculo 13 del Reglamento (UE) 2016\/679<\/p>\n<\/div>\n<div class=\"wp-block-uagb-advanced-heading uagb-block-bf64ccba\">\n<p class=\"uagb-heading-text\">De conformidad con el Reglamento (UE) 2016\/679 (en adelante, \u00abReglamento\u00bb), esta p\u00e1gina describe los m\u00e9todos de tratamiento:<\/p>\n<p>\u2013 de los datos personales de los usuarios que consultan el sitio web (en adelante, \u00abSitio\u00bb) de NOVOFORNO (en adelante, \u00abCompa\u00f1\u00eda\u00bb) accesible electr\u00f3nicamente en la siguiente direcci\u00f3n https:\/\/www.novoforno.com\/;<br \/>\n\u2013 de los datos personales ingresados o recopilados a trav\u00e9s de las p\u00e1ginas de redes sociales de la Compa\u00f1\u00eda.<\/p>\n<\/div>\n<div class=\"wp-block-uagb-advanced-heading uagb-block-6fb5a254\">\n<p class=\"uagb-heading-text\">Esta informaci\u00f3n no se refiere a otros sitios, p\u00e1ginas o servicios en l\u00ednea accesibles a trav\u00e9s de enlaces de hipertexto que puedan publicarse en el sitio, pero que se refieren a recursos fuera del dominio de la Compa\u00f1\u00eda.<\/p>\n<\/div>\n<div class=\"wp-block-uagb-advanced-heading uagb-block-42c9ae2e\">\n<p class=\"uagb-heading-text\"><strong><br \/>\nBASE LEGAL DEL TRATAMIENTO<\/strong><\/p>\n<\/div>\n<div class=\"wp-block-uagb-advanced-heading uagb-block-5aa980df\">\n<p class=\"uagb-heading-text\">La Compa\u00f1\u00eda procesar\u00e1 datos personales solo si tiene una base legal para hacerlo. La legislaci\u00f3n sobre protecci\u00f3n de datos establece que el tratamiento de datos personales es legal solo si y en la medida en que se cumpla al menos una de las siguientes condiciones (de conformidad con el Art. 6 del Reglamento):<\/p>\n<p>a) el interesado ha dado su consentimiento para el tratamiento de sus datos personales para uno o m\u00e1s fines espec\u00edficos;<br \/>\nb) el tratamiento es necesario para la ejecuci\u00f3n de un contrato en el que el interesado es parte o para la implementaci\u00f3n de medidas precontractuales adoptadas a petici\u00f3n del mismo;<br \/>\nc) el tratamiento es necesario para cumplir con una obligaci\u00f3n legal a la que est\u00e1 sujeto el responsable del tratamiento;<br \/>\nd) el tratamiento es necesario para proteger los intereses vitales del interesado o de otra persona f\u00edsica;<br \/>\ne) el tratamiento es necesario para el desempe\u00f1o de una tarea realizada en inter\u00e9s p\u00fablico o en el ejercicio de la autoridad oficial conferida al responsable del tratamiento;<br \/>\nf) el tratamiento es necesario para los fines de los intereses leg\u00edtimos perseguidos por el responsable del tratamiento o por un tercero, siempre que dichos intereses no sean anulados por los intereses o derechos y libertades fundamentales del interesado que requieren la protecci\u00f3n de los datos personales, en particular cuando el interesado sea un menor.<\/p>\n<\/div>\n<div class=\"wp-block-uagb-advanced-heading uagb-block-7ff3e22e\">\n<p class=\"uagb-heading-text\">La base legal para el tratamiento, por tanto, depender\u00e1 de los motivos por los cuales la Compa\u00f1\u00eda ha recogido y utiliza los datos.<\/p>\n<\/div>\n<div class=\"wp-block-uagb-advanced-heading uagb-block-de8a10c5\">\n<p class=\"uagb-heading-text\">Estos motivos consisten, en algunos casos (como por ejemplo para las solicitudes recibidas a trav\u00e9s de la secci\u00f3n de contacto), en la necesidad de proporcionar la respuesta debida a las solicitudes recibidas (en este caso, la base legal es la ejecuci\u00f3n de un contrato y\/o medidas precontractuales), en otras hip\u00f3tesis en el deber de cumplir con obligaciones legales y\/o reglamentarias, o, en otras hip\u00f3tesis, en la posibilidad de perseguir el inter\u00e9s leg\u00edtimo de la Compa\u00f1\u00eda que se identificar\u00e1 en cada caso. Cuando sea necesario el consentimiento del interesado, dicho consentimiento se solicitar\u00e1 en las formas previstas por la ley.<\/p>\n<\/div>\n<div class=\"wp-block-uagb-advanced-heading uagb-block-10e05746\">\n<p class=\"uagb-heading-text\"><strong><br \/>\nTIPOS DE DATOS TRATADOS Y FINALIDAD DEL TRATAMIENTO<\/strong><\/p>\n<\/div>\n<div class=\"wp-block-uagb-advanced-heading uagb-block-091b3eb2\">\n<p class=\"uagb-heading-text\">Por datos personales se entienden todas las informaciones relativas al usuario, mediante las cuales es posible identificarlo. Son datos personales, por ejemplo, el nombre, el apellido, los datos de contacto, el n\u00famero de tel\u00e9fono, la direcci\u00f3n de correo electr\u00f3nico, la direcci\u00f3n IP y la informaci\u00f3n relativa al acceso del usuario al Sitio.<\/p>\n<\/div>\n<div class=\"wp-block-uagb-advanced-heading uagb-block-dcfdc937\">\n<p class=\"uagb-heading-text\">Tras la consulta del Sitio, as\u00ed como tras el uso de los servicios puestos a disposici\u00f3n a trav\u00e9s del mismo, la Compa\u00f1\u00eda puede recopilar datos personales de los usuarios a ra\u00edz de comunicaciones telef\u00f3nicas a los contactos indicados en el Sitio, a ra\u00edz de la recepci\u00f3n de correos electr\u00f3nicos en las direcciones indicadas en el Sitio, o a trav\u00e9s de la cumplimentaci\u00f3n de formularios presentes en la secci\u00f3n de contacto, o, tambi\u00e9n, a trav\u00e9s del uso de plug-ins de redes sociales utilizados en el Sitio.<\/p>\n<\/div>\n<div class=\"wp-block-uagb-advanced-heading uagb-block-af2f6a25\">\n<p class=\"uagb-heading-text\">Espec\u00edficamente, los tipos de datos tratados pueden clasificarse de la siguiente manera:<\/p>\n<\/div>\n<div class=\"wp-block-uagb-advanced-heading uagb-block-8585e67d\">\n<p class=\"uagb-heading-text\"><strong><br \/>\nDATOS DE NAVEGACI\u00d3N<\/strong><\/p>\n<\/div>\n<div class=\"wp-block-uagb-advanced-heading uagb-block-020c0c76\">\n<p class=\"uagb-heading-text\">Los sistemas inform\u00e1ticos y los procedimientos de software responsables del funcionamiento del Sitio adquieren, durante su funcionamiento normal, algunos datos personales cuya transmisi\u00f3n es impl\u00edcita en el uso de los protocolos de comunicaci\u00f3n de Internet.<\/p>\n<\/div>\n<div class=\"wp-block-uagb-advanced-heading uagb-block-c25fe889\">\n<p class=\"uagb-heading-text\">Se trata de informaci\u00f3n que no se recoge para ser asociada a interesados identificados, pero que por su propia naturaleza podr\u00eda, mediante elaboraciones y asociaciones con datos en poder de terceros, permitir la identificaci\u00f3n de los usuarios.<\/p>\n<\/div>\n<div class=\"wp-block-uagb-advanced-heading uagb-block-166e253e\">\n<p class=\"uagb-heading-text\">En esta categor\u00eda de datos se incluyen las direcciones IP o los nombres de dominio de los ordenadores utilizados por los usuarios que se conectan al sitio, las direcciones en notaci\u00f3n URI\/URL (Uniform Resource Identifier\/Locator) de los recursos solicitados, la hora de la solicitud, el m\u00e9todo utilizado para enviar la solicitud al servidor, el tama\u00f1o del archivo obtenido en respuesta, el c\u00f3digo num\u00e9rico que indica el estado de la respuesta dada por el servidor (correcto, error, etc.) y otros par\u00e1metros relacionados con el sistema operativo y el entorno inform\u00e1tico del usuario.<\/p>\n<\/div>\n<div class=\"wp-block-uagb-advanced-heading uagb-block-8450bda1\">\n<p class=\"uagb-heading-text\">Estos datos, necesarios para el uso de los servicios web, tambi\u00e9n se tratan con el fin de:<\/p>\n<\/div>\n<ul>\n<li>obtener informaci\u00f3n estad\u00edstica sobre el uso de los servicios (p\u00e1ginas m\u00e1s visitadas, n\u00famero de visitantes por franja horaria o diaria, \u00e1reas geogr\u00e1ficas de origen, etc.);<\/li>\n<li>verificar el correcto funcionamiento de los servicios ofrecidos;<\/li>\n<li>identificar anomal\u00edas y\/o abusos.<\/li>\n<\/ul>\n<div class=\"wp-block-uagb-advanced-heading uagb-block-ee8730bf\">\n<p class=\"uagb-heading-text\">Los datos de navegaci\u00f3n no persisten por m\u00e1s de siete d\u00edas (excepto en casos en los que se necesiten conservar para la evaluaci\u00f3n de delitos por parte de la Autoridad Judicial).<\/p>\n<\/div>\n<div class=\"wp-block-uagb-advanced-heading uagb-block-d2a8f35a\">\n<p class=\"uagb-heading-text\"><strong><br \/>\nDATOS PERSONALES PROPORCIONADOS VOLUNTARIAMENTE POR LOS USUARIOS<\/strong><\/p>\n<\/div>\n<div class=\"wp-block-uagb-advanced-heading uagb-block-82dae5c9\">\n<p class=\"uagb-heading-text\">El env\u00edo opcional, expl\u00edcito y voluntario de mensajes a las direcciones de contacto de la Compa\u00f1\u00eda, los mensajes privados enviados por los usuarios a los perfiles\/p\u00e1ginas institucionales en las redes sociales (cuando esta posibilidad est\u00e9 prevista), as\u00ed como la cumplimentaci\u00f3n y el env\u00edo de formularios en el sitio web de la Compa\u00f1\u00eda, implican la adquisici\u00f3n de los datos de contacto del remitente, necesarios para responder, as\u00ed como de todos los datos personales incluidos en las comunicaciones.<\/p>\n<\/div>\n<div class=\"wp-block-uagb-advanced-heading uagb-block-995217e4\">\n<p class=\"uagb-heading-text\">Se publicar\u00e1 informaci\u00f3n espec\u00edfica en las p\u00e1ginas del Sitio preparadas para la prestaci\u00f3n de determinados servicios.<\/p>\n<\/div>\n<div class=\"wp-block-uagb-advanced-heading uagb-block-9f552495\">\n<p class=\"uagb-heading-text\"><strong><br \/>\nCOOKIES Y OTROS SISTEMAS DE SEGUIMIENTO<\/strong><\/p>\n<\/div>\n<div class=\"wp-block-uagb-advanced-heading uagb-block-4be8a52f\">\n<p class=\"uagb-heading-text\">No se utilizan cookies para la creaci\u00f3n de perfiles de los usuarios, ni se emplean otros m\u00e9todos de seguimiento.<\/p>\n<\/div>\n<div class=\"wp-block-uagb-advanced-heading uagb-block-d7b72537\">\n<p class=\"uagb-heading-text\">En cambio, se utilizan cookies de sesi\u00f3n (no persistentes) de manera estrictamente limitada a lo necesario para la navegaci\u00f3n segura y eficiente del Sitio. El almacenamiento de cookies de sesi\u00f3n en los terminales o navegadores est\u00e1 bajo el control del usuario, donde, al finalizar las sesiones HTTPS, la informaci\u00f3n relacionada con las cookies permanece registrada en los registros de los servicios, con tiempos de conservaci\u00f3n que no superan los siete d\u00edas al igual que otros datos de navegaci\u00f3n.<\/p>\n<\/div>\n<div class=\"wp-block-uagb-advanced-heading uagb-block-a0cd3058\">\n<p class=\"uagb-heading-text\"><strong><br \/>\nCONSECUENCIAS EN CASO DE NO PROPORCIONAR DATOS<\/strong><\/p>\n<\/div>\n<div class=\"wp-block-uagb-advanced-heading uagb-block-fb874239\">\n<p class=\"uagb-heading-text\">La falta de indicaci\u00f3n de los datos necesarios para responder a las solicitudes podr\u00eda imposibilitar que la Compa\u00f1\u00eda proporcione una respuesta completa o los servicios disponibles. Cuando sea necesario, la Compa\u00f1\u00eda informar\u00e1, en cada caso, al usuario sobre el car\u00e1cter obligatorio o facultativo de la provisi\u00f3n de datos personales (por ejemplo, para realizar una solicitud espec\u00edfica).<\/p>\n<p>En particular, se destacar\u00e1 el car\u00e1cter obligatorio o facultativo de la comunicaci\u00f3n de los datos mediante un aviso o un car\u00e1cter especial en la informaci\u00f3n de car\u00e1cter obligatorio.<\/p>\n<\/div>\n<div class=\"wp-block-uagb-advanced-heading uagb-block-a41b4ad3\">\n<p class=\"uagb-heading-text\"><strong><br \/>\nDESTINATARIOS DE LOS DATOS<\/strong><\/p>\n<\/div>\n<div class=\"wp-block-uagb-advanced-heading uagb-block-91400b1b\">\n<p class=\"uagb-heading-text\">Son destinatarios de los datos el personal de la Compa\u00f1\u00eda, que act\u00faa sobre la base de instrucciones espec\u00edficas proporcionadas en relaci\u00f3n con las finalidades y modalidades del tratamiento. Tambi\u00e9n son destinatarios de los datos recopilados tras la consulta del Sitio los sujetos designados por la Compa\u00f1\u00eda, de conformidad con el art\u00edculo 28 del Reglamento, como responsables del tratamiento.<\/p>\n<p>En caso de utilizar los plug-ins de redes sociales presentes en el Sitio, los datos se compartir\u00e1n con el servicio de redes sociales y, eventualmente, con el perfil del usuario presente en las propias redes sociales. En tal caso, se ruega consultar la Informaci\u00f3n sobre el tratamiento de datos personales publicada por las propias redes sociales. En cualquier caso, los datos personales tratados no ser\u00e1n difundidos.<\/p>\n<p>Se garantiza, de conformidad con las disposiciones legales, la comunicaci\u00f3n o difusi\u00f3n de los datos solicitados por Fuerzas de Polic\u00eda, la Autoridad Judicial, organismos de informaci\u00f3n y seguridad u otros sujetos p\u00fablicos con fines de defensa o seguridad del Estado o de prevenci\u00f3n, comprobaci\u00f3n o represi\u00f3n de delitos.<\/p>\n<\/div>\n<div class=\"wp-block-uagb-advanced-heading uagb-block-8fbb5e46\">\n<p class=\"uagb-heading-text\"><strong><br \/>\nM\u00c9TODOS Y SEGURIDAD DEL TRATAMIENTO<\/strong><\/p>\n<\/div>\n<div class=\"wp-block-uagb-advanced-heading uagb-block-9a6733f7\">\n<p class=\"uagb-heading-text\">Los datos ser\u00e1n tratados:<\/p>\n<\/div>\n<ul>\n<li>a trav\u00e9s de herramientas manuales, inform\u00e1ticas y telem\u00e1ticas, de manera que se garantice la disponibilidad, integridad y confidencialidad de los mismos;<\/li>\n<li>con modalidades organizativas y con l\u00f3gicas estrictamente relacionadas con las finalidades indicadas, respetando el principio de minimizaci\u00f3n;<\/li>\n<li>por sujetos espec\u00edficamente designados, identificados y autorizados, debidamente instruidos y conocedores de los l\u00edmites impuestos por la normativa en cuesti\u00f3n;<\/li>\n<li>con el uso de medidas de seguridad t\u00e9cnicas y organizativas destinadas a prevenir y\/o reducir los riesgos de acceso il\u00edcito y destrucci\u00f3n o p\u00e9rdida de los mismos.<\/li>\n<\/ul>\n<div class=\"wp-block-uagb-advanced-heading uagb-block-6dfd6768\">\n<p class=\"uagb-heading-text\"><strong><br \/>\nLUGAR DEL TRATAMIENTO<\/strong><\/p>\n<\/div>\n<div class=\"wp-block-uagb-advanced-heading uagb-block-2fd410a6\">\n<p class=\"uagb-heading-text\">La gesti\u00f3n y conservaci\u00f3n de los datos personales se llevar\u00e1 a cabo en Italia y, en cualquier caso, dentro de la Uni\u00f3n Europea.<br \/>\nActualmente, los servidores utilizados por la Compa\u00f1\u00eda se encuentran dentro del territorio europeo. Los datos no ser\u00e1n objeto de transferencia fuera de la Uni\u00f3n Europea.<br \/>\nSin embargo, se entiende que, cuando lo considere necesario y\/o apropiado, la Compa\u00f1\u00eda tendr\u00e1 la facultad de cambiar la ubicaci\u00f3n de los servidores en Italia y\/o la Uni\u00f3n Europea y\/o pa\u00edses fuera de la UE. En tal caso, la Compa\u00f1\u00eda se asegurar\u00e1 de que la transferencia de datos fuera de la UE se realice de conformidad con las disposiciones legales aplicables, celebrando, si es necesario, acuerdos que garanticen un nivel de protecci\u00f3n adecuado y\/o adoptando las cl\u00e1usulas contractuales est\u00e1ndar previstas por la Comisi\u00f3n Europea, y\/o, en cualquier caso, cumpliendo con las condiciones previstas por la normativa aplicable.<\/p>\n<\/div>\n<div class=\"wp-block-uagb-advanced-heading uagb-block-59481356\">\n<p class=\"uagb-heading-text\"><strong><br \/>\nTIEMPOS DE CONSERVACI\u00d3N<\/strong><\/p>\n<\/div>\n<div class=\"wp-block-uagb-advanced-heading uagb-block-45799efa\">\n<p class=\"uagb-heading-text\">Los datos recopilados del Sitio se utilizar\u00e1n exclusivamente para los fines indicados y se conservar\u00e1n durante el tiempo estrictamente necesario para llevar a cabo las actividades de la Compa\u00f1\u00eda. No se conservar\u00e1n los datos por un per\u00edodo de tiempo superior al necesario para cumplir con el prop\u00f3sito para el que fueron tratados. Para determinar el per\u00edodo de conservaci\u00f3n adecuado, la Compa\u00f1\u00eda considerar\u00e1 la cantidad, naturaleza y sensibilidad de los datos personales, los fines para los que se tratan y la posibilidad de alcanzar dichos fines por otros medios. Los datos recopilados del Sitio se conservar\u00e1n durante toda la duraci\u00f3n necesaria para responder a las solicitudes y, incluso despu\u00e9s de la terminaci\u00f3n, para gestionar todos los posibles cumplimientos contractuales, precontractuales, administrativos o legales, relacionados o derivados de ellos, o durante el tiempo permitido por la ley italiana para proteger los intereses leg\u00edtimos de la Compa\u00f1\u00eda.<\/p>\n<\/div>\n<div class=\"wp-block-uagb-advanced-heading uagb-block-b070e002\">\n<p class=\"uagb-heading-text\"><strong><br \/>\nDERECHOS DE LOS INTERESADOS<\/strong><\/p>\n<\/div>\n<div class=\"wp-block-uagb-advanced-heading uagb-block-f1f099be\">\n<p class=\"uagb-heading-text\">Los interesados tienen derecho a obtener de la Compa\u00f1\u00eda, en los casos previstos, el acceso a sus datos personales y la rectificaci\u00f3n o eliminaci\u00f3n de los mismos o la limitaci\u00f3n del tratamiento que les concierne, a oponerse al tratamiento o a solicitar la denominada portabilidad de los datos. Los interesados tambi\u00e9n pueden, en cualquier momento, revocar el consentimiento otorgado (v\u00e9anse los art\u00edculos 15 y siguientes del Reglamento).<br \/>\nLa solicitud espec\u00edfica a la Compa\u00f1\u00eda se presenta contactando al Responsable de Protecci\u00f3n de Datos, en los contactos indicados anteriormente.<br \/>\nLos interesados que consideren que el tratamiento de datos personales que les concierne realizado a trav\u00e9s del Sitio se lleva a cabo en violaci\u00f3n de lo dispuesto por el Reglamento tienen derecho a presentar una reclamaci\u00f3n ante la Autoridad de Control, como se prev\u00e9 en el art\u00edculo 77 del propio Reglamento, o a recurrir a las autoridades judiciales adecuadas (art\u00edculo 79 del Reglamento).<\/p>\n<\/div>\n<div class=\"wp-block-uagb-advanced-heading uagb-block-42a5e52f\">\n<p class=\"uagb-heading-text\"><strong><br \/>\nMODIFICACIONES Y ACTUALIZACIONES DE ESTA POL\u00cdTICA DE PRIVACIDAD<\/strong><\/p>\n<\/div>\n<div class=\"wp-block-uagb-advanced-heading uagb-block-2bfe9dc8\">\n<p class=\"uagb-heading-text\">La Compa\u00f1\u00eda podr\u00e1 modificar o simplemente actualizar, en todo o en parte, este aviso, tambi\u00e9n en consideraci\u00f3n de posibles cambios normativos y\/o reglamentarios en la materia. La Compa\u00f1\u00eda se compromete a no limitar los derechos reconocidos anteriormente sin antes obtener el consentimiento expl\u00edcito del interesado. Las modificaciones y actualizaciones estar\u00e1n disponibles en la p\u00e1gina de inicio del Sitio. Los cambios m\u00e1s relevantes se destacar\u00e1n mediante un aviso m\u00e1s evidente (por ejemplo, cuando los servicios y los datos recopilados lo permitan, a trav\u00e9s de una notificaci\u00f3n por correo electr\u00f3nico).<\/p>\n<\/div>\n[\/vc_column_text][\/vc_column][\/vc_row]\n<\/div>","protected":false},"excerpt":{"rendered":"<p>[vc_row][vc_column][vc_column_text css=\u00bb\u00bb] Informaci\u00f3n sobre el tratamiento de datos personales de los usuarios que consultan el sitio web de la Compa\u00f1\u00eda de acuerdo con el art\u00edculo 13 del Reglamento (UE) 2016\/679 De conformidad con el Reglamento (UE) 2016\/679 (en adelante, \u00abReglamento\u00bb), [&hellip;]<\/p>\n","protected":false},"author":1,"featured_media":0,"parent":0,"menu_order":0,"comment_status":"closed","ping_status":"closed","template":"","meta":{"footnotes":""},"class_list":["post-3839","page","type-page","status-publish","hentry"],"yoast_head":"<!-- This site is optimized with the Yoast SEO plugin v24.7 - https:\/\/yoast.com\/wordpress\/plugins\/seo\/ -->\n<title>Privacy Policy - Novoforno Altamura<\/title>\n<meta name=\"robots\" content=\"index, follow, max-snippet:-1, max-image-preview:large, max-video-preview:-1\" \/>\n<link rel=\"canonical\" href=\"https:\/\/novoforno.com\/es\/privacy-policy\/\" \/>\n<meta property=\"og:locale\" content=\"es_ES\" \/>\n<meta property=\"og:type\" content=\"article\" \/>\n<meta property=\"og:title\" content=\"Privacy Policy - Novoforno Altamura\" \/>\n<meta property=\"og:description\" content=\"[vc_row][vc_column][vc_column_text css=\u00bb\u00bb] Informaci\u00f3n sobre el tratamiento de datos personales de los usuarios que consultan el sitio web de la Compa\u00f1\u00eda de acuerdo con el art\u00edculo 13 del Reglamento (UE) 2016\/679 De conformidad con el Reglamento (UE) 2016\/679 (en adelante, \u00abReglamento\u00bb), [&hellip;]\" \/>\n<meta property=\"og:url\" content=\"https:\/\/novoforno.com\/es\/privacy-policy\/\" \/>\n<meta property=\"og:site_name\" content=\"Novoforno Altamura\" \/>\n<meta property=\"article:modified_time\" content=\"2024-09-13T11:32:43+00:00\" \/>\n<meta name=\"twitter:card\" content=\"summary_large_image\" \/>\n<meta name=\"twitter:label1\" content=\"Tiempo de lectura\" \/>\n\t<meta name=\"twitter:data1\" content=\"11 minutos\" \/>\n<script type=\"application\/ld+json\" class=\"yoast-schema-graph\">{\"@context\":\"https:\/\/schema.org\",\"@graph\":[{\"@type\":\"WebPage\",\"@id\":\"https:\/\/novoforno.com\/es\/privacy-policy\/\",\"url\":\"https:\/\/novoforno.com\/es\/privacy-policy\/\",\"name\":\"Privacy Policy - Novoforno Altamura\",\"isPartOf\":{\"@id\":\"https:\/\/novoforno.com\/#website\"},\"datePublished\":\"2018-05-24T08:17:26+00:00\",\"dateModified\":\"2024-09-13T11:32:43+00:00\",\"breadcrumb\":{\"@id\":\"https:\/\/novoforno.com\/es\/privacy-policy\/#breadcrumb\"},\"inLanguage\":\"es\",\"potentialAction\":[{\"@type\":\"ReadAction\",\"target\":[\"https:\/\/novoforno.com\/es\/privacy-policy\/\"]}]},{\"@type\":\"BreadcrumbList\",\"@id\":\"https:\/\/novoforno.com\/es\/privacy-policy\/#breadcrumb\",\"itemListElement\":[{\"@type\":\"ListItem\",\"position\":1,\"name\":\"Home\",\"item\":\"https:\/\/novoforno.com\/es\/\"},{\"@type\":\"ListItem\",\"position\":2,\"name\":\"Privacy Policy\"}]},{\"@type\":\"WebSite\",\"@id\":\"https:\/\/novoforno.com\/#website\",\"url\":\"https:\/\/novoforno.com\/\",\"name\":\"Novoforno Altamura\",\"description\":\"Produzione prodotti da forno, freschi surgelati e in ATM, pane di altamura dop, basi per pizze, taralli, biscotti, sncks salati e dolci, anche private label\",\"potentialAction\":[{\"@type\":\"SearchAction\",\"target\":{\"@type\":\"EntryPoint\",\"urlTemplate\":\"https:\/\/novoforno.com\/?s={search_term_string}\"},\"query-input\":{\"@type\":\"PropertyValueSpecification\",\"valueRequired\":true,\"valueName\":\"search_term_string\"}}],\"inLanguage\":\"es\"}]}<\/script>\n<!-- \/ Yoast SEO plugin. -->","yoast_head_json":{"title":"Privacy Policy - Novoforno Altamura","robots":{"index":"index","follow":"follow","max-snippet":"max-snippet:-1","max-image-preview":"max-image-preview:large","max-video-preview":"max-video-preview:-1"},"canonical":"https:\/\/novoforno.com\/es\/privacy-policy\/","og_locale":"es_ES","og_type":"article","og_title":"Privacy Policy - Novoforno Altamura","og_description":"[vc_row][vc_column][vc_column_text css=\u00bb\u00bb] Informaci\u00f3n sobre el tratamiento de datos personales de los usuarios que consultan el sitio web de la Compa\u00f1\u00eda de acuerdo con el art\u00edculo 13 del Reglamento (UE) 2016\/679 De conformidad con el Reglamento (UE) 2016\/679 (en adelante, \u00abReglamento\u00bb), [&hellip;]","og_url":"https:\/\/novoforno.com\/es\/privacy-policy\/","og_site_name":"Novoforno Altamura","article_modified_time":"2024-09-13T11:32:43+00:00","twitter_card":"summary_large_image","twitter_misc":{"Tiempo de lectura":"11 minutos"},"schema":{"@context":"https:\/\/schema.org","@graph":[{"@type":"WebPage","@id":"https:\/\/novoforno.com\/es\/privacy-policy\/","url":"https:\/\/novoforno.com\/es\/privacy-policy\/","name":"Privacy Policy - Novoforno Altamura","isPartOf":{"@id":"https:\/\/novoforno.com\/#website"},"datePublished":"2018-05-24T08:17:26+00:00","dateModified":"2024-09-13T11:32:43+00:00","breadcrumb":{"@id":"https:\/\/novoforno.com\/es\/privacy-policy\/#breadcrumb"},"inLanguage":"es","potentialAction":[{"@type":"ReadAction","target":["https:\/\/novoforno.com\/es\/privacy-policy\/"]}]},{"@type":"BreadcrumbList","@id":"https:\/\/novoforno.com\/es\/privacy-policy\/#breadcrumb","itemListElement":[{"@type":"ListItem","position":1,"name":"Home","item":"https:\/\/novoforno.com\/es\/"},{"@type":"ListItem","position":2,"name":"Privacy Policy"}]},{"@type":"WebSite","@id":"https:\/\/novoforno.com\/#website","url":"https:\/\/novoforno.com\/","name":"Novoforno Altamura","description":"Produzione prodotti da forno, freschi surgelati e in ATM, pane di altamura dop, basi per pizze, taralli, biscotti, sncks salati e dolci, anche private label","potentialAction":[{"@type":"SearchAction","target":{"@type":"EntryPoint","urlTemplate":"https:\/\/novoforno.com\/?s={search_term_string}"},"query-input":{"@type":"PropertyValueSpecification","valueRequired":true,"valueName":"search_term_string"}}],"inLanguage":"es"}]}},"_links":{"self":[{"href":"https:\/\/novoforno.com\/es\/wp-json\/wp\/v2\/pages\/3839","targetHints":{"allow":["GET"]}}],"collection":[{"href":"https:\/\/novoforno.com\/es\/wp-json\/wp\/v2\/pages"}],"about":[{"href":"https:\/\/novoforno.com\/es\/wp-json\/wp\/v2\/types\/page"}],"author":[{"embeddable":true,"href":"https:\/\/novoforno.com\/es\/wp-json\/wp\/v2\/users\/1"}],"replies":[{"embeddable":true,"href":"https:\/\/novoforno.com\/es\/wp-json\/wp\/v2\/comments?post=3839"}],"version-history":[{"count":5,"href":"https:\/\/novoforno.com\/es\/wp-json\/wp\/v2\/pages\/3839\/revisions"}],"predecessor-version":[{"id":6477,"href":"https:\/\/novoforno.com\/es\/wp-json\/wp\/v2\/pages\/3839\/revisions\/6477"}],"wp:attachment":[{"href":"https:\/\/novoforno.com\/es\/wp-json\/wp\/v2\/media?parent=3839"}],"curies":[{"name":"wp","href":"https:\/\/api.w.org\/{rel}","templated":true}]}}