{"id":4017,"date":"2019-02-04T11:07:59","date_gmt":"2019-02-04T10:07:59","guid":{"rendered":"https:\/\/novoforno.com\/?page_id=4017\/"},"modified":"2019-03-29T16:10:32","modified_gmt":"2019-03-29T15:10:32","slug":"taralli-y-snacks","status":"publish","type":"page","link":"https:\/\/novoforno.com\/es\/taralli-y-snacks\/","title":{"rendered":"Taralli y Snacks"},"content":{"rendered":"<div class=\"wpb-content-wrapper\">[vc_row][vc_column][vc_column_text]\n<p>&nbsp;<\/p>\n<p style=\"font-size: 14pt;\">In commercio ce ne sono numerose forme e variet\u00e0, in quanto questi vengono preparati in diverse regioni del sud Italia come Puglia, Campania e Calabria ed in ognuna di esse vengono cucinati in modo diverso.<\/p>\n<p>&nbsp;<\/p>\n<p style=\"font-size: 14pt;\">Sono tra i prodotti pi\u00f9 antichi e tradizionali, creati con ingredienti 100% naturali, da mangiare come snack, graditi sia dai grandi che dai pi\u00f9 piccini. Nessuno potr\u00e0 fare a meno di assaggiarli, grazie al proprio gusto e aroma ineguagliabile!<\/p>\n[\/vc_column_text][\/vc_column][\/vc_row][vc_row][vc_column][vc_column_text]\n<h3 style=\"text-align: center;\"><span style=\"color: #bd9d50;\"><strong>Novoforno offre un ampio range di prodotti, comprendendo le seguenti categorie:<\/strong><\/span><\/h3>\n[\/vc_column_text][\/vc_column][\/vc_row][vc_row][vc_column][vc_row_inner][vc_column_inner width=\u00bb1\/4&#8243;][vc_single_image image=\u00bb4292&#8243; img_size=\u00bb140&#215;207&#8243; alignment=\u00bbcenter\u00bb onclick=\u00bbcustom_link\u00bb img_link_target=\u00bb_blank\u00bb css=\u00bb.vc_custom_1553102046935{border-radius: 10px !important;}\u00bb link=\u00bbhttps:\/\/novoforno.com\/taralli-multicereali-novoforno\/\u00bb][vc_column_text]\n<h2 style=\"font-size: 16pt; margin-top: -30px; text-align: center;\"><a style=\"background-color: white; color: #413c35; text-decoration: none;\" href=\"https:\/\/novoforno.com\/taralli-multicereali-novoforno\/\" target=\"_blank\" rel=\"noopener\">Taralli<br \/>\nMulticereali<\/a><\/h2>\n[\/vc_column_text][\/vc_column_inner][vc_column_inner width=\u00bb1\/4&#8243;][vc_single_image image=\u00bb4295&#8243; img_size=\u00bb140&#215;207&#8243; alignment=\u00bbcenter\u00bb onclick=\u00bbcustom_link\u00bb img_link_target=\u00bb_blank\u00bb css=\u00bb.vc_custom_1553101673870{border-radius: 10px !important;}\u00bb link=\u00bbhttps:\/\/novoforno.com\/taralli-ai-semi-di-finocchio-novoforno\/\u00bb][vc_column_text]\n<h2 style=\"font-size: 16pt; margin-top: -30px; text-align: center;\"><a style=\"background-color: white; color: #413c35; text-decoration: none;\" href=\"https:\/\/novoforno.com\/taralli-ai-semi-di-finocchio-novoforno\/\" target=\"_blank\" rel=\"noopener\">Taralli ai<br \/>\nSemi di Finocchio<\/a><\/h2>\n[\/vc_column_text][\/vc_column_inner][vc_column_inner width=\u00bb1\/4&#8243;][vc_single_image image=\u00bb4298&#8243; img_size=\u00bb140&#215;207&#8243; alignment=\u00bbcenter\u00bb onclick=\u00bbcustom_link\u00bb img_link_target=\u00bb_blank\u00bb css=\u00bb.vc_custom_1553101682825{border-radius: 10px !important;}\u00bb link=\u00bbhttps:\/\/novoforno.com\/taralli-al-peperoncino-novoforno\/\u00bb][vc_column_text]\n<h2 style=\"font-size: 16pt; margin-top: -30px; text-align: center;\"><a style=\"background-color: white; color: #413c35; text-decoration: none;\" href=\"https:\/\/novoforno.com\/taralli-al-peperoncino-novoforno\/\" target=\"_blank\" rel=\"noopener\">Taralli<br \/>\nal Peperoncino<\/a><\/h2>\n[\/vc_column_text][\/vc_column_inner][vc_column_inner width=\u00bb1\/4&#8243;][vc_single_image image=\u00bb4302&#8243; img_size=\u00bb140&#215;207&#8243; alignment=\u00bbcenter\u00bb onclick=\u00bbcustom_link\u00bb img_link_target=\u00bb_blank\u00bb css=\u00bb.vc_custom_1553101697685{border-radius: 10px !important;}\u00bb link=\u00bbhttps:\/\/novoforno.com\/taralli-tradizionali-novoforno\/\u00bb][vc_column_text]\n<h2 style=\"font-size: 16pt; margin-top: -30px; text-align: center;\"><a style=\"background-color: white; color: #413c35; text-decoration: none;\" href=\"https:\/\/novoforno.com\/taralli-tradizionali-novoforno\/\" target=\"_blank\" rel=\"noopener\">Taralli<br \/>\nTradizionali<\/a><\/h2>\n[\/vc_column_text][\/vc_column_inner][\/vc_row_inner][\/vc_column][\/vc_row]\n<\/div>","protected":false},"excerpt":{"rendered":"<p>[vc_row][vc_column][vc_column_text] &nbsp; In commercio ce ne sono numerose forme e variet\u00e0, in quanto questi vengono preparati in diverse regioni del sud Italia come Puglia, Campania e Calabria ed in ognuna di esse vengono cucinati in modo diverso. &nbsp; Sono tra [&hellip;]<\/p>\n","protected":false},"author":1,"featured_media":0,"parent":0,"menu_order":0,"comment_status":"closed","ping_status":"closed","template":"","meta":{"footnotes":""},"class_list":["post-4017","page","type-page","status-publish","hentry"],"yoast_head":"<!-- This site is optimized with the Yoast SEO plugin v24.7 - https:\/\/yoast.com\/wordpress\/plugins\/seo\/ -->\n<title>Taralli y Snacks - Novoforno Altamura<\/title>\n<meta name=\"robots\" content=\"index, follow, max-snippet:-1, max-image-preview:large, max-video-preview:-1\" \/>\n<link rel=\"canonical\" href=\"https:\/\/novoforno.com\/es\/taralli-y-snacks\/\" \/>\n<meta property=\"og:locale\" content=\"es_ES\" \/>\n<meta property=\"og:type\" content=\"article\" \/>\n<meta property=\"og:title\" content=\"Taralli y Snacks - Novoforno Altamura\" \/>\n<meta property=\"og:description\" content=\"[vc_row][vc_column][vc_column_text] &nbsp; In commercio ce ne sono numerose forme e variet\u00e0, in quanto questi vengono preparati in diverse regioni del sud Italia come Puglia, Campania e Calabria ed in ognuna di esse vengono cucinati in modo diverso. &nbsp; Sono tra [&hellip;]\" \/>\n<meta property=\"og:url\" content=\"https:\/\/novoforno.com\/es\/taralli-y-snacks\/\" \/>\n<meta property=\"og:site_name\" content=\"Novoforno Altamura\" \/>\n<meta property=\"article:modified_time\" content=\"2019-03-29T15:10:32+00:00\" \/>\n<meta name=\"twitter:card\" content=\"summary_large_image\" \/>\n<meta name=\"twitter:label1\" content=\"Tiempo de lectura\" \/>\n\t<meta name=\"twitter:data1\" content=\"2 minutos\" \/>\n<script type=\"application\/ld+json\" class=\"yoast-schema-graph\">{\"@context\":\"https:\/\/schema.org\",\"@graph\":[{\"@type\":\"WebPage\",\"@id\":\"https:\/\/novoforno.com\/es\/taralli-y-snacks\/\",\"url\":\"https:\/\/novoforno.com\/es\/taralli-y-snacks\/\",\"name\":\"Taralli y Snacks - Novoforno Altamura\",\"isPartOf\":{\"@id\":\"https:\/\/novoforno.com\/#website\"},\"datePublished\":\"2019-02-04T10:07:59+00:00\",\"dateModified\":\"2019-03-29T15:10:32+00:00\",\"breadcrumb\":{\"@id\":\"https:\/\/novoforno.com\/es\/taralli-y-snacks\/#breadcrumb\"},\"inLanguage\":\"es\",\"potentialAction\":[{\"@type\":\"ReadAction\",\"target\":[\"https:\/\/novoforno.com\/es\/taralli-y-snacks\/\"]}]},{\"@type\":\"BreadcrumbList\",\"@id\":\"https:\/\/novoforno.com\/es\/taralli-y-snacks\/#breadcrumb\",\"itemListElement\":[{\"@type\":\"ListItem\",\"position\":1,\"name\":\"Home\",\"item\":\"https:\/\/novoforno.com\/es\/\"},{\"@type\":\"ListItem\",\"position\":2,\"name\":\"Taralli y Snacks\"}]},{\"@type\":\"WebSite\",\"@id\":\"https:\/\/novoforno.com\/#website\",\"url\":\"https:\/\/novoforno.com\/\",\"name\":\"Novoforno Altamura\",\"description\":\"Produzione prodotti da forno, freschi surgelati e in ATM, pane di altamura dop, basi per pizze, taralli, biscotti, sncks salati e dolci, anche private label\",\"potentialAction\":[{\"@type\":\"SearchAction\",\"target\":{\"@type\":\"EntryPoint\",\"urlTemplate\":\"https:\/\/novoforno.com\/?s={search_term_string}\"},\"query-input\":{\"@type\":\"PropertyValueSpecification\",\"valueRequired\":true,\"valueName\":\"search_term_string\"}}],\"inLanguage\":\"es\"}]}<\/script>\n<!-- \/ Yoast SEO plugin. -->","yoast_head_json":{"title":"Taralli y Snacks - Novoforno Altamura","robots":{"index":"index","follow":"follow","max-snippet":"max-snippet:-1","max-image-preview":"max-image-preview:large","max-video-preview":"max-video-preview:-1"},"canonical":"https:\/\/novoforno.com\/es\/taralli-y-snacks\/","og_locale":"es_ES","og_type":"article","og_title":"Taralli y Snacks - Novoforno Altamura","og_description":"[vc_row][vc_column][vc_column_text] &nbsp; In commercio ce ne sono numerose forme e variet\u00e0, in quanto questi vengono preparati in diverse regioni del sud Italia come Puglia, Campania e Calabria ed in ognuna di esse vengono cucinati in modo diverso. &nbsp; Sono tra [&hellip;]","og_url":"https:\/\/novoforno.com\/es\/taralli-y-snacks\/","og_site_name":"Novoforno Altamura","article_modified_time":"2019-03-29T15:10:32+00:00","twitter_card":"summary_large_image","twitter_misc":{"Tiempo de lectura":"2 minutos"},"schema":{"@context":"https:\/\/schema.org","@graph":[{"@type":"WebPage","@id":"https:\/\/novoforno.com\/es\/taralli-y-snacks\/","url":"https:\/\/novoforno.com\/es\/taralli-y-snacks\/","name":"Taralli y Snacks - Novoforno Altamura","isPartOf":{"@id":"https:\/\/novoforno.com\/#website"},"datePublished":"2019-02-04T10:07:59+00:00","dateModified":"2019-03-29T15:10:32+00:00","breadcrumb":{"@id":"https:\/\/novoforno.com\/es\/taralli-y-snacks\/#breadcrumb"},"inLanguage":"es","potentialAction":[{"@type":"ReadAction","target":["https:\/\/novoforno.com\/es\/taralli-y-snacks\/"]}]},{"@type":"BreadcrumbList","@id":"https:\/\/novoforno.com\/es\/taralli-y-snacks\/#breadcrumb","itemListElement":[{"@type":"ListItem","position":1,"name":"Home","item":"https:\/\/novoforno.com\/es\/"},{"@type":"ListItem","position":2,"name":"Taralli y Snacks"}]},{"@type":"WebSite","@id":"https:\/\/novoforno.com\/#website","url":"https:\/\/novoforno.com\/","name":"Novoforno Altamura","description":"Produzione prodotti da forno, freschi surgelati e in ATM, pane di altamura dop, basi per pizze, taralli, biscotti, sncks salati e dolci, anche private label","potentialAction":[{"@type":"SearchAction","target":{"@type":"EntryPoint","urlTemplate":"https:\/\/novoforno.com\/?s={search_term_string}"},"query-input":{"@type":"PropertyValueSpecification","valueRequired":true,"valueName":"search_term_string"}}],"inLanguage":"es"}]}},"_links":{"self":[{"href":"https:\/\/novoforno.com\/es\/wp-json\/wp\/v2\/pages\/4017","targetHints":{"allow":["GET"]}}],"collection":[{"href":"https:\/\/novoforno.com\/es\/wp-json\/wp\/v2\/pages"}],"about":[{"href":"https:\/\/novoforno.com\/es\/wp-json\/wp\/v2\/types\/page"}],"author":[{"embeddable":true,"href":"https:\/\/novoforno.com\/es\/wp-json\/wp\/v2\/users\/1"}],"replies":[{"embeddable":true,"href":"https:\/\/novoforno.com\/es\/wp-json\/wp\/v2\/comments?post=4017"}],"version-history":[{"count":7,"href":"https:\/\/novoforno.com\/es\/wp-json\/wp\/v2\/pages\/4017\/revisions"}],"predecessor-version":[{"id":4914,"href":"https:\/\/novoforno.com\/es\/wp-json\/wp\/v2\/pages\/4017\/revisions\/4914"}],"wp:attachment":[{"href":"https:\/\/novoforno.com\/es\/wp-json\/wp\/v2\/media?parent=4017"}],"curies":[{"name":"wp","href":"https:\/\/api.w.org\/{rel}","templated":true}]}}