{"id":4896,"date":"2019-03-29T12:44:22","date_gmt":"2019-03-29T11:44:22","guid":{"rendered":"https:\/\/novoforno.com\/?page_id=4896\/"},"modified":"2019-03-29T12:44:34","modified_gmt":"2019-03-29T11:44:34","slug":"pan-de-altamura-novoforno","status":"publish","type":"page","link":"https:\/\/novoforno.com\/es\/pan-de-altamura-novoforno\/","title":{"rendered":"Pan de Altamura"},"content":{"rendered":"<div class=\"wpb-content-wrapper\">[vc_row][vc_column][vc_column_text]\n<p>&nbsp;<\/p>\n<p style=\"font-size: 14pt;\">El pan de Altamura es un producto de panader\u00eda tradicional de Altamura, en la ciudad metropolitana de Bari. Se obtiene del uso de s\u00e9mola (muy rica en gluten) molida con variedades de trigo duro cultivadas en los territorios de los municipios de Murgia. El 18 de julio de 2003, a nivel europeo, la etiqueta de denominaci\u00f3n de origen protegido (DOP) fue reconocida por el pan de Altamura.<\/p>\n<p>&nbsp;<\/p>\n<p style=\"font-size: 14pt;\">Nuestros productos son siempre frescos y se producen todos los d\u00edas con constancia, contamos con los mejores mensajeros nacionales e internacionales para garantizar la m\u00e1xima velocidad y la mejor conservaci\u00f3n de nuestros productos.<\/p>\n[\/vc_column_text][\/vc_column][\/vc_row][vc_row][vc_column][vc_column_text]\n<h3 style=\"text-align: center;\"><span style=\"color: #bd9d50;\"><strong>Novoforno ofrece una amplia gama de productos, incluyendo las siguientes categor\u00edas:<\/strong><\/span><\/h3>\n[\/vc_column_text][\/vc_column][\/vc_row][vc_row][vc_column][vc_row_inner css=\u00bb.vc_custom_1553190079255{padding-right: 10px !important;padding-left: 10px !important;}\u00bb][vc_column_inner width=\u00bb1\/4&#8243;][\/vc_column_inner][vc_column_inner width=\u00bb1\/4&#8243;][vc_single_image image=\u00bb4555&#8243; img_size=\u00bb200&#215;174&#8243; alignment=\u00bbcenter\u00bb onclick=\u00bbcustom_link\u00bb img_link_target=\u00bb_blank\u00bb css=\u00bb.vc_custom_1553510583168{border-radius: 10px !important;}\u00bb link=\u00bbhttps:\/\/novoforno.com\/es\/el-verdadero-pan-de-altamura-dop\/\u00bb][vc_column_text]\n<h2 style=\"font-size: 16pt; margin-top: -30px; text-align: center;\"><a style=\"background-color: white; color: #413c35; text-decoration: none;\" href=\"https:\/\/novoforno.com\/es\/el-verdadero-pan-de-altamura-dop\/\" target=\"_blank\" rel=\"noopener\">Pan de Altamura<br \/>\nDOP<\/a><\/h2>\n[\/vc_column_text][\/vc_column_inner][vc_column_inner width=\u00bb1\/4&#8243;][vc_single_image image=\u00bb4557&#8243; img_size=\u00bb200&#215;174&#8243; alignment=\u00bbcenter\u00bb onclick=\u00bbcustom_link\u00bb img_link_target=\u00bb_blank\u00bb css=\u00bb.vc_custom_1553510588412{border-radius: 10px !important;}\u00bb link=\u00bbhttps:\/\/novoforno.com\/es\/pan-de-semola\/\u00bb][vc_column_text]\n<h2 style=\"font-size: 16pt; margin-top: -30px; text-align: center;\"><a style=\"background-color: white; color: #413c35; text-decoration: none;\" href=\"https:\/\/novoforno.com\/es\/pan-de-semola\/\" target=\"_blank\" rel=\"noopener\">Pan De S\u00e9mola<br \/>\nde Altamura<\/a><\/h2>\n[\/vc_column_text][\/vc_column_inner][vc_column_inner width=\u00bb1\/4&#8243;][\/vc_column_inner][\/vc_row_inner][\/vc_column][\/vc_row]\n<\/div>","protected":false},"excerpt":{"rendered":"<p>[vc_row][vc_column][vc_column_text] &nbsp; El pan de Altamura es un producto de panader\u00eda tradicional de Altamura, en la ciudad metropolitana de Bari. Se obtiene del uso de s\u00e9mola (muy rica en gluten) molida con variedades de trigo duro cultivadas en los territorios [&hellip;]<\/p>\n","protected":false},"author":1,"featured_media":0,"parent":0,"menu_order":0,"comment_status":"closed","ping_status":"closed","template":"","meta":{"footnotes":""},"class_list":["post-4896","page","type-page","status-publish","hentry"],"yoast_head":"<!-- This site is optimized with the Yoast SEO plugin v24.7 - https:\/\/yoast.com\/wordpress\/plugins\/seo\/ -->\n<title>Pan de Altamura - Novoforno Altamura<\/title>\n<meta name=\"robots\" content=\"index, follow, max-snippet:-1, max-image-preview:large, max-video-preview:-1\" \/>\n<link rel=\"canonical\" href=\"https:\/\/novoforno.com\/es\/pan-de-altamura-novoforno\/\" \/>\n<meta property=\"og:locale\" content=\"es_ES\" \/>\n<meta property=\"og:type\" content=\"article\" \/>\n<meta property=\"og:title\" content=\"Pan de Altamura - Novoforno Altamura\" \/>\n<meta property=\"og:description\" content=\"[vc_row][vc_column][vc_column_text] &nbsp; El pan de Altamura es un producto de panader\u00eda tradicional de Altamura, en la ciudad metropolitana de Bari. Se obtiene del uso de s\u00e9mola (muy rica en gluten) molida con variedades de trigo duro cultivadas en los territorios [&hellip;]\" \/>\n<meta property=\"og:url\" content=\"https:\/\/novoforno.com\/es\/pan-de-altamura-novoforno\/\" \/>\n<meta property=\"og:site_name\" content=\"Novoforno Altamura\" \/>\n<meta property=\"article:modified_time\" content=\"2019-03-29T11:44:34+00:00\" \/>\n<meta name=\"twitter:card\" content=\"summary_large_image\" \/>\n<meta name=\"twitter:label1\" content=\"Tiempo de lectura\" \/>\n\t<meta name=\"twitter:data1\" content=\"1 minuto\" \/>\n<script type=\"application\/ld+json\" class=\"yoast-schema-graph\">{\"@context\":\"https:\/\/schema.org\",\"@graph\":[{\"@type\":\"WebPage\",\"@id\":\"https:\/\/novoforno.com\/es\/pan-de-altamura-novoforno\/\",\"url\":\"https:\/\/novoforno.com\/es\/pan-de-altamura-novoforno\/\",\"name\":\"Pan de Altamura - Novoforno Altamura\",\"isPartOf\":{\"@id\":\"https:\/\/novoforno.com\/#website\"},\"datePublished\":\"2019-03-29T11:44:22+00:00\",\"dateModified\":\"2019-03-29T11:44:34+00:00\",\"breadcrumb\":{\"@id\":\"https:\/\/novoforno.com\/es\/pan-de-altamura-novoforno\/#breadcrumb\"},\"inLanguage\":\"es\",\"potentialAction\":[{\"@type\":\"ReadAction\",\"target\":[\"https:\/\/novoforno.com\/es\/pan-de-altamura-novoforno\/\"]}]},{\"@type\":\"BreadcrumbList\",\"@id\":\"https:\/\/novoforno.com\/es\/pan-de-altamura-novoforno\/#breadcrumb\",\"itemListElement\":[{\"@type\":\"ListItem\",\"position\":1,\"name\":\"Home\",\"item\":\"https:\/\/novoforno.com\/es\/\"},{\"@type\":\"ListItem\",\"position\":2,\"name\":\"Pan de Altamura\"}]},{\"@type\":\"WebSite\",\"@id\":\"https:\/\/novoforno.com\/#website\",\"url\":\"https:\/\/novoforno.com\/\",\"name\":\"Novoforno Altamura\",\"description\":\"Produzione prodotti da forno, freschi surgelati e in ATM, pane di altamura dop, basi per pizze, taralli, biscotti, sncks salati e dolci, anche private label\",\"potentialAction\":[{\"@type\":\"SearchAction\",\"target\":{\"@type\":\"EntryPoint\",\"urlTemplate\":\"https:\/\/novoforno.com\/?s={search_term_string}\"},\"query-input\":{\"@type\":\"PropertyValueSpecification\",\"valueRequired\":true,\"valueName\":\"search_term_string\"}}],\"inLanguage\":\"es\"}]}<\/script>\n<!-- \/ Yoast SEO plugin. -->","yoast_head_json":{"title":"Pan de Altamura - Novoforno Altamura","robots":{"index":"index","follow":"follow","max-snippet":"max-snippet:-1","max-image-preview":"max-image-preview:large","max-video-preview":"max-video-preview:-1"},"canonical":"https:\/\/novoforno.com\/es\/pan-de-altamura-novoforno\/","og_locale":"es_ES","og_type":"article","og_title":"Pan de Altamura - Novoforno Altamura","og_description":"[vc_row][vc_column][vc_column_text] &nbsp; El pan de Altamura es un producto de panader\u00eda tradicional de Altamura, en la ciudad metropolitana de Bari. Se obtiene del uso de s\u00e9mola (muy rica en gluten) molida con variedades de trigo duro cultivadas en los territorios [&hellip;]","og_url":"https:\/\/novoforno.com\/es\/pan-de-altamura-novoforno\/","og_site_name":"Novoforno Altamura","article_modified_time":"2019-03-29T11:44:34+00:00","twitter_card":"summary_large_image","twitter_misc":{"Tiempo de lectura":"1 minuto"},"schema":{"@context":"https:\/\/schema.org","@graph":[{"@type":"WebPage","@id":"https:\/\/novoforno.com\/es\/pan-de-altamura-novoforno\/","url":"https:\/\/novoforno.com\/es\/pan-de-altamura-novoforno\/","name":"Pan de Altamura - Novoforno Altamura","isPartOf":{"@id":"https:\/\/novoforno.com\/#website"},"datePublished":"2019-03-29T11:44:22+00:00","dateModified":"2019-03-29T11:44:34+00:00","breadcrumb":{"@id":"https:\/\/novoforno.com\/es\/pan-de-altamura-novoforno\/#breadcrumb"},"inLanguage":"es","potentialAction":[{"@type":"ReadAction","target":["https:\/\/novoforno.com\/es\/pan-de-altamura-novoforno\/"]}]},{"@type":"BreadcrumbList","@id":"https:\/\/novoforno.com\/es\/pan-de-altamura-novoforno\/#breadcrumb","itemListElement":[{"@type":"ListItem","position":1,"name":"Home","item":"https:\/\/novoforno.com\/es\/"},{"@type":"ListItem","position":2,"name":"Pan de Altamura"}]},{"@type":"WebSite","@id":"https:\/\/novoforno.com\/#website","url":"https:\/\/novoforno.com\/","name":"Novoforno Altamura","description":"Produzione prodotti da forno, freschi surgelati e in ATM, pane di altamura dop, basi per pizze, taralli, biscotti, sncks salati e dolci, anche private label","potentialAction":[{"@type":"SearchAction","target":{"@type":"EntryPoint","urlTemplate":"https:\/\/novoforno.com\/?s={search_term_string}"},"query-input":{"@type":"PropertyValueSpecification","valueRequired":true,"valueName":"search_term_string"}}],"inLanguage":"es"}]}},"_links":{"self":[{"href":"https:\/\/novoforno.com\/es\/wp-json\/wp\/v2\/pages\/4896","targetHints":{"allow":["GET"]}}],"collection":[{"href":"https:\/\/novoforno.com\/es\/wp-json\/wp\/v2\/pages"}],"about":[{"href":"https:\/\/novoforno.com\/es\/wp-json\/wp\/v2\/types\/page"}],"author":[{"embeddable":true,"href":"https:\/\/novoforno.com\/es\/wp-json\/wp\/v2\/users\/1"}],"replies":[{"embeddable":true,"href":"https:\/\/novoforno.com\/es\/wp-json\/wp\/v2\/comments?post=4896"}],"version-history":[{"count":1,"href":"https:\/\/novoforno.com\/es\/wp-json\/wp\/v2\/pages\/4896\/revisions"}],"predecessor-version":[{"id":4897,"href":"https:\/\/novoforno.com\/es\/wp-json\/wp\/v2\/pages\/4896\/revisions\/4897"}],"wp:attachment":[{"href":"https:\/\/novoforno.com\/es\/wp-json\/wp\/v2\/media?parent=4896"}],"curies":[{"name":"wp","href":"https:\/\/api.w.org\/{rel}","templated":true}]}}