{"id":4973,"date":"2019-03-29T16:50:59","date_gmt":"2019-03-29T15:50:59","guid":{"rendered":"https:\/\/novoforno.com\/?page_id=4973\/"},"modified":"2019-03-29T17:15:44","modified_gmt":"2019-03-29T16:15:44","slug":"galletas-de-almendras","status":"publish","type":"page","link":"https:\/\/novoforno.com\/es\/galletas-de-almendras\/","title":{"rendered":"Galletas De Almendras"},"content":{"rendered":"<div class=\"wpb-content-wrapper\">[vc_row css=\u00bb.vc_custom_1550250111260{padding-top: 30px !important;}\u00bb][vc_column 0=\u00bb\u00bb width=\u00bb1\/3&#8243;][vc_single_image image=\u00bb4247&#8243; img_size=\u00bb250&#215;369&#8243; alignment=\u00bbcenter\u00bb][\/vc_column][vc_column width=\u00bb2\/3&#8243;][vc_column_text]\n<p style=\"font-size: 14pt;\">Sono realizzati con la pasta frolla, arricchiti con della farina di mandorle. La presenza di questo ingrediente, ovvero la farina di mandorle, li rende pi\u00f9 morbidi e burrosi proprio perch\u00e9 le mandorle sono un ingrediente oleoso, il cui grasso \u00e8 per\u00f2 benefico poich\u00e9 ricco di omega 6.<\/p>\n<p>&nbsp;<\/p>\n<p style=\"font-size: 14pt;\">I nostri biscotti sono assolutamente innovativi per il mercato e sono stati sviluppati ascoltando le esigenze dei consumatori che preferiscono cibi gustosi, sani e naturali.<\/p>\n<p>&nbsp;<\/p>\n<p style=\"font-size: 14pt;\"><b>Ingredienti:<\/b> non ancora aggiunti.<\/p>\n[\/vc_column_text][\/vc_column][\/vc_row]\n<\/div>","protected":false},"excerpt":{"rendered":"<p>[vc_row css=\u00bb.vc_custom_1550250111260{padding-top: 30px !important;}\u00bb][vc_column 0=\u00bb\u00bb width=\u00bb1\/3&#8243;][vc_single_image image=\u00bb4247&#8243; img_size=\u00bb250&#215;369&#8243; alignment=\u00bbcenter\u00bb][\/vc_column][vc_column width=\u00bb2\/3&#8243;][vc_column_text] Sono realizzati con la pasta frolla, arricchiti con della farina di mandorle. La presenza di questo ingrediente, ovvero la farina di mandorle, li rende pi\u00f9 morbidi e burrosi proprio perch\u00e9 [&hellip;]<\/p>\n","protected":false},"author":1,"featured_media":0,"parent":0,"menu_order":0,"comment_status":"closed","ping_status":"closed","template":"","meta":{"footnotes":""},"class_list":["post-4973","page","type-page","status-publish","hentry"],"yoast_head":"<!-- This site is optimized with the Yoast SEO plugin v24.7 - https:\/\/yoast.com\/wordpress\/plugins\/seo\/ -->\n<title>Galletas De Almendras - Novoforno Altamura<\/title>\n<meta name=\"robots\" content=\"index, follow, max-snippet:-1, max-image-preview:large, max-video-preview:-1\" \/>\n<link rel=\"canonical\" href=\"https:\/\/novoforno.com\/es\/galletas-de-almendras\/\" \/>\n<meta property=\"og:locale\" content=\"es_ES\" \/>\n<meta property=\"og:type\" content=\"article\" \/>\n<meta property=\"og:title\" content=\"Galletas De Almendras - Novoforno Altamura\" \/>\n<meta property=\"og:description\" content=\"[vc_row css=\u00bb.vc_custom_1550250111260{padding-top: 30px !important;}\u00bb][vc_column 0=\u00bb\u00bb width=\u00bb1\/3&#8243;][vc_single_image image=\u00bb4247&#8243; img_size=\u00bb250&#215;369&#8243; alignment=\u00bbcenter\u00bb][\/vc_column][vc_column width=\u00bb2\/3&#8243;][vc_column_text] Sono realizzati con la pasta frolla, arricchiti con della farina di mandorle. La presenza di questo ingrediente, ovvero la farina di mandorle, li rende pi\u00f9 morbidi e burrosi proprio perch\u00e9 [&hellip;]\" \/>\n<meta property=\"og:url\" content=\"https:\/\/novoforno.com\/es\/galletas-de-almendras\/\" \/>\n<meta property=\"og:site_name\" content=\"Novoforno Altamura\" \/>\n<meta property=\"article:modified_time\" content=\"2019-03-29T16:15:44+00:00\" \/>\n<meta name=\"twitter:card\" content=\"summary_large_image\" \/>\n<meta name=\"twitter:label1\" content=\"Tiempo de lectura\" \/>\n\t<meta name=\"twitter:data1\" content=\"1 minuto\" \/>\n<script type=\"application\/ld+json\" class=\"yoast-schema-graph\">{\"@context\":\"https:\/\/schema.org\",\"@graph\":[{\"@type\":\"WebPage\",\"@id\":\"https:\/\/novoforno.com\/es\/galletas-de-almendras\/\",\"url\":\"https:\/\/novoforno.com\/es\/galletas-de-almendras\/\",\"name\":\"Galletas De Almendras - Novoforno Altamura\",\"isPartOf\":{\"@id\":\"https:\/\/novoforno.com\/#website\"},\"datePublished\":\"2019-03-29T15:50:59+00:00\",\"dateModified\":\"2019-03-29T16:15:44+00:00\",\"breadcrumb\":{\"@id\":\"https:\/\/novoforno.com\/es\/galletas-de-almendras\/#breadcrumb\"},\"inLanguage\":\"es\",\"potentialAction\":[{\"@type\":\"ReadAction\",\"target\":[\"https:\/\/novoforno.com\/es\/galletas-de-almendras\/\"]}]},{\"@type\":\"BreadcrumbList\",\"@id\":\"https:\/\/novoforno.com\/es\/galletas-de-almendras\/#breadcrumb\",\"itemListElement\":[{\"@type\":\"ListItem\",\"position\":1,\"name\":\"Home\",\"item\":\"https:\/\/novoforno.com\/es\/\"},{\"@type\":\"ListItem\",\"position\":2,\"name\":\"Galletas De Almendras\"}]},{\"@type\":\"WebSite\",\"@id\":\"https:\/\/novoforno.com\/#website\",\"url\":\"https:\/\/novoforno.com\/\",\"name\":\"Novoforno Altamura\",\"description\":\"Produzione prodotti da forno, freschi surgelati e in ATM, pane di altamura dop, basi per pizze, taralli, biscotti, sncks salati e dolci, anche private label\",\"potentialAction\":[{\"@type\":\"SearchAction\",\"target\":{\"@type\":\"EntryPoint\",\"urlTemplate\":\"https:\/\/novoforno.com\/?s={search_term_string}\"},\"query-input\":{\"@type\":\"PropertyValueSpecification\",\"valueRequired\":true,\"valueName\":\"search_term_string\"}}],\"inLanguage\":\"es\"}]}<\/script>\n<!-- \/ Yoast SEO plugin. -->","yoast_head_json":{"title":"Galletas De Almendras - Novoforno Altamura","robots":{"index":"index","follow":"follow","max-snippet":"max-snippet:-1","max-image-preview":"max-image-preview:large","max-video-preview":"max-video-preview:-1"},"canonical":"https:\/\/novoforno.com\/es\/galletas-de-almendras\/","og_locale":"es_ES","og_type":"article","og_title":"Galletas De Almendras - Novoforno Altamura","og_description":"[vc_row css=\u00bb.vc_custom_1550250111260{padding-top: 30px !important;}\u00bb][vc_column 0=\u00bb\u00bb width=\u00bb1\/3&#8243;][vc_single_image image=\u00bb4247&#8243; img_size=\u00bb250&#215;369&#8243; alignment=\u00bbcenter\u00bb][\/vc_column][vc_column width=\u00bb2\/3&#8243;][vc_column_text] Sono realizzati con la pasta frolla, arricchiti con della farina di mandorle. La presenza di questo ingrediente, ovvero la farina di mandorle, li rende pi\u00f9 morbidi e burrosi proprio perch\u00e9 [&hellip;]","og_url":"https:\/\/novoforno.com\/es\/galletas-de-almendras\/","og_site_name":"Novoforno Altamura","article_modified_time":"2019-03-29T16:15:44+00:00","twitter_card":"summary_large_image","twitter_misc":{"Tiempo de lectura":"1 minuto"},"schema":{"@context":"https:\/\/schema.org","@graph":[{"@type":"WebPage","@id":"https:\/\/novoforno.com\/es\/galletas-de-almendras\/","url":"https:\/\/novoforno.com\/es\/galletas-de-almendras\/","name":"Galletas De Almendras - Novoforno Altamura","isPartOf":{"@id":"https:\/\/novoforno.com\/#website"},"datePublished":"2019-03-29T15:50:59+00:00","dateModified":"2019-03-29T16:15:44+00:00","breadcrumb":{"@id":"https:\/\/novoforno.com\/es\/galletas-de-almendras\/#breadcrumb"},"inLanguage":"es","potentialAction":[{"@type":"ReadAction","target":["https:\/\/novoforno.com\/es\/galletas-de-almendras\/"]}]},{"@type":"BreadcrumbList","@id":"https:\/\/novoforno.com\/es\/galletas-de-almendras\/#breadcrumb","itemListElement":[{"@type":"ListItem","position":1,"name":"Home","item":"https:\/\/novoforno.com\/es\/"},{"@type":"ListItem","position":2,"name":"Galletas De Almendras"}]},{"@type":"WebSite","@id":"https:\/\/novoforno.com\/#website","url":"https:\/\/novoforno.com\/","name":"Novoforno Altamura","description":"Produzione prodotti da forno, freschi surgelati e in ATM, pane di altamura dop, basi per pizze, taralli, biscotti, sncks salati e dolci, anche private label","potentialAction":[{"@type":"SearchAction","target":{"@type":"EntryPoint","urlTemplate":"https:\/\/novoforno.com\/?s={search_term_string}"},"query-input":{"@type":"PropertyValueSpecification","valueRequired":true,"valueName":"search_term_string"}}],"inLanguage":"es"}]}},"_links":{"self":[{"href":"https:\/\/novoforno.com\/es\/wp-json\/wp\/v2\/pages\/4973","targetHints":{"allow":["GET"]}}],"collection":[{"href":"https:\/\/novoforno.com\/es\/wp-json\/wp\/v2\/pages"}],"about":[{"href":"https:\/\/novoforno.com\/es\/wp-json\/wp\/v2\/types\/page"}],"author":[{"embeddable":true,"href":"https:\/\/novoforno.com\/es\/wp-json\/wp\/v2\/users\/1"}],"replies":[{"embeddable":true,"href":"https:\/\/novoforno.com\/es\/wp-json\/wp\/v2\/comments?post=4973"}],"version-history":[{"count":1,"href":"https:\/\/novoforno.com\/es\/wp-json\/wp\/v2\/pages\/4973\/revisions"}],"predecessor-version":[{"id":4977,"href":"https:\/\/novoforno.com\/es\/wp-json\/wp\/v2\/pages\/4973\/revisions\/4977"}],"wp:attachment":[{"href":"https:\/\/novoforno.com\/es\/wp-json\/wp\/v2\/media?parent=4973"}],"curies":[{"name":"wp","href":"https:\/\/api.w.org\/{rel}","templated":true}]}}